{"id":374,"date":"2024-11-26T14:24:43","date_gmt":"2024-11-26T14:24:43","guid":{"rendered":"https:\/\/coopevian.com\/notivian\/?page_id=374"},"modified":"2025-04-29T10:32:32","modified_gmt":"2025-04-29T15:32:32","slug":"editorial","status":"publish","type":"page","link":"https:\/\/coopevian.com\/notivian\/editorial\/","title":{"rendered":"EDITORIAL"},"content":{"rendered":"\t\t<div data-elementor-type=\"wp-page\" data-elementor-id=\"374\" class=\"elementor elementor-374\" data-elementor-settings=\"{&quot;element_pack_global_tooltip_width&quot;:{&quot;unit&quot;:&quot;px&quot;,&quot;size&quot;:&quot;&quot;,&quot;sizes&quot;:[]},&quot;element_pack_global_tooltip_width_tablet&quot;:{&quot;unit&quot;:&quot;px&quot;,&quot;size&quot;:&quot;&quot;,&quot;sizes&quot;:[]},&quot;element_pack_global_tooltip_width_mobile&quot;:{&quot;unit&quot;:&quot;px&quot;,&quot;size&quot;:&quot;&quot;,&quot;sizes&quot;:[]},&quot;element_pack_global_tooltip_padding&quot;:{&quot;unit&quot;:&quot;px&quot;,&quot;top&quot;:&quot;&quot;,&quot;right&quot;:&quot;&quot;,&quot;bottom&quot;:&quot;&quot;,&quot;left&quot;:&quot;&quot;,&quot;isLinked&quot;:true},&quot;element_pack_global_tooltip_padding_tablet&quot;:{&quot;unit&quot;:&quot;px&quot;,&quot;top&quot;:&quot;&quot;,&quot;right&quot;:&quot;&quot;,&quot;bottom&quot;:&quot;&quot;,&quot;left&quot;:&quot;&quot;,&quot;isLinked&quot;:true},&quot;element_pack_global_tooltip_padding_mobile&quot;:{&quot;unit&quot;:&quot;px&quot;,&quot;top&quot;:&quot;&quot;,&quot;right&quot;:&quot;&quot;,&quot;bottom&quot;:&quot;&quot;,&quot;left&quot;:&quot;&quot;,&quot;isLinked&quot;:true},&quot;element_pack_global_tooltip_border_radius&quot;:{&quot;unit&quot;:&quot;px&quot;,&quot;top&quot;:&quot;&quot;,&quot;right&quot;:&quot;&quot;,&quot;bottom&quot;:&quot;&quot;,&quot;left&quot;:&quot;&quot;,&quot;isLinked&quot;:true},&quot;element_pack_global_tooltip_border_radius_tablet&quot;:{&quot;unit&quot;:&quot;px&quot;,&quot;top&quot;:&quot;&quot;,&quot;right&quot;:&quot;&quot;,&quot;bottom&quot;:&quot;&quot;,&quot;left&quot;:&quot;&quot;,&quot;isLinked&quot;:true},&quot;element_pack_global_tooltip_border_radius_mobile&quot;:{&quot;unit&quot;:&quot;px&quot;,&quot;top&quot;:&quot;&quot;,&quot;right&quot;:&quot;&quot;,&quot;bottom&quot;:&quot;&quot;,&quot;left&quot;:&quot;&quot;,&quot;isLinked&quot;:true}}\" data-elementor-post-type=\"page\">\n\t\t\t\t<div class=\"elementor-element elementor-element-4e57b78 e-con-full e-flex e-con e-parent\" data-id=\"4e57b78\" data-element_type=\"container\">\n\t\t<div class=\"elementor-element elementor-element-2393fca e-flex e-con-boxed e-con e-child\" data-id=\"2393fca\" data-element_type=\"container\">\n\t\t\t\t\t<div class=\"e-con-inner\">\n\t\t\t\t<div class=\"elementor-element elementor-element-df4a1d6 elementor-widget elementor-widget-heading\" data-id=\"df4a1d6\" data-element_type=\"widget\" data-widget_type=\"heading.default\">\n\t\t\t\t<div class=\"elementor-widget-container\">\n\t\t\t\t\t<h1 class=\"elementor-heading-title elementor-size-default\">EDITORIAL<\/h1>\t\t\t\t<\/div>\n\t\t\t\t<\/div>\n\t\t\t\t<div class=\"elementor-element elementor-element-8adaa0e elementor-widget-divider--view-line elementor-widget elementor-widget-divider\" data-id=\"8adaa0e\" data-element_type=\"widget\" data-widget_type=\"divider.default\">\n\t\t\t\t<div class=\"elementor-widget-container\">\n\t\t\t\t\t\t\t<div class=\"elementor-divider\">\n\t\t\t<span class=\"elementor-divider-separator\">\n\t\t\t\t\t\t<\/span>\n\t\t<\/div>\n\t\t\t\t\t\t<\/div>\n\t\t\t\t<\/div>\n\t\t<div class=\"elementor-element elementor-element-7ffc445 e-con-full e-flex e-con e-child\" data-id=\"7ffc445\" data-element_type=\"container\">\n\t\t\t\t<div class=\"elementor-element elementor-element-059db7e ntc_int elementor-widget elementor-widget-bdt-post-grid\" data-id=\"059db7e\" data-element_type=\"widget\" data-settings=\"{&quot;columns&quot;:&quot;2&quot;,&quot;columns_tablet&quot;:&quot;2&quot;,&quot;columns_mobile&quot;:&quot;1&quot;}\" data-widget_type=\"bdt-post-grid.bdt-harold\">\n\t\t\t\t<div class=\"elementor-widget-container\">\n\t\t\t\t\t \n\t\t<div id=\"bdt-post-grid-059db7e\" class=\"bdt-post-grid bdt-post-grid-skin-harold\">\n\t  \t\t<div class=\"bdt-grid bdt-grid-medium bdt-grid-small\" data-bdt-grid=\"\" bdt-height-match=\"target: &gt; div ~ div .bdt-post-grid-desc\">\n\n\t\t\t\t\t  \t\t\t\n\t\t  \t\t\t<div class=\" bdt-width-1-1@m bdt-width-1-1@s bdt-width-1-1 bdt-primary bdt-text-center\">\n\t\t\t\t\t\t\t\t<div class=\"bdt-post-grid-item bdt-transition-toggle bdt-position-relative bdt-box-shadow-small\">\t\t\t\t\t\t\t\t\n\t\t\t<div class=\"bdt-post-grid-img-wrap bdt-overflow-hidden\">\n\t\t\t\t<a href=\"https:\/\/coopevian.com\/notivian\/noticias-destacadas\/la-cotidianidad-vs-la-seguridad\/\" class=\"bdt-transition-scale-up bdt-background-cover bdt-transition-opaque bdt-flex\" title=\"La cotidianidad VS la seguridad\" style=\"background-image: url(https:\/\/coopevian.com\/notivian\/wp-content\/uploads\/2025\/12\/DSC09525-scaled.jpg)\">\n  \t\t\t\t<\/a>\n\t\t\t<\/div>\n\t  \t\t\n\t  \t\t<div class=\"bdt-post-grid-desc bdt-padding\">\n\t\t\t\t<h2 class=\"bdt-post-grid-title\">\n\t\t\t\t<a href=\"https:\/\/coopevian.com\/notivian\/noticias-destacadas\/la-cotidianidad-vs-la-seguridad\/\" class=\"bdt-post-grid-link\" title=\"La cotidianidad VS la seguridad\">\n\t\t\t\t\tLa cotidianidad VS la seguridad\n\t\t\t\t<\/a>\n\t\t\t<\/h2>\n\t\t\t\t\t\t<div class=\"bdt-post-grid-excerpt\">\n\t\t\t<p>Es usual que todos pensemos en la seguridad como un t\u00e9rmino que hace alusi\u00f3n a las actividades que desarrollan terceros y de las cuales somos beneficiarios, esta es una percepci\u00f3n parcializada de la realidad que abarca un t\u00e9rmino o una actividad que es tan importante<\/p>\n\t\t<\/div>\n\n\t\t\t\t\t\t\t\t<div>\n\t\t\t<a href=\"https:\/\/coopevian.com\/notivian\/noticias-destacadas\/la-cotidianidad-vs-la-seguridad\/\"\n\t\t\t\tclass=\"bdt-post-grid-readmore bdt-display-inline-block \">\n\t\t\t\tLEER M\u00c1S\t\n\t\t\t\t\t\t\t\t\t<span class=\"bdt-button-icon-align-right\">\n\t\n\t\t\t\t\t\t<svg aria-hidden=\"true\" class=\"fa-fw e-font-icon-svg e-fas-chevron-right\" viewBox=\"0 0 320 512\" xmlns=\"http:\/\/www.w3.org\/2000\/svg\"><path d=\"M285.476 272.971L91.132 467.314c-9.373 9.373-24.569 9.373-33.941 0l-22.667-22.667c-9.357-9.357-9.375-24.522-.04-33.901L188.505 256 34.484 101.255c-9.335-9.379-9.317-24.544.04-33.901l22.667-22.667c9.373-9.373 24.569-9.373 33.941 0L285.475 239.03c9.373 9.372 9.373 24.568.001 33.941z\"><\/path><\/svg>\t\n\t\t\t\t\t<\/span>\n\t\t\t\t\t\t\t<\/a>\n\t\t<\/div>\n\t\t\t\t\t<\/div>\n\n\t\t\t\t\t\t\t<div class=\"bdt-post-grid-meta bdt-subnav bdt-flex-inline bdt-flex-middle\">\n\t\t\t\t\t\t\t\t\t\t<span class=\"bdt-post-grid-date\">diciembre 17, 2025<\/span>\t\t\t\t\t<div class=\"bdt-post-grid-comments bdt-inline-block\"><span><i class=\"ep-icon-bubble\" aria-hidden=\"true\"><\/i> 0<\/span><\/div>\t\t\t\t\t\t\t\t\t<\/div>\n\t\t\t\n\t\t\t\t\t<div class=\"bdt-post-grid-category bdt-position-small bdt-position-top-right\">\n\t\t\t<a href=\"https:\/\/coopevian.com\/notivian\/category\/editorial\/\">Editorial<\/a> <a href=\"https:\/\/coopevian.com\/notivian\/category\/noticias\/\">Noticias<\/a> <a href=\"https:\/\/coopevian.com\/notivian\/category\/noticias-destacadas\/\">Noticias Destacadas<\/a>\t\t<\/div>\n\t\t\t\t<\/div>\n\t\t\t\t\t\t\t<\/div>\n\t\t\t\t\t  \t\t\t\n\t\t  \t\t\t<div class=\" bdt-width-1-2@m bdt-width-1-2@s bdt-width-1-1 bdt-secondary\">\n\t\t\t\t\t\t\t\t<div class=\"bdt-post-grid-item bdt-transition-toggle bdt-position-relative bdt-box-shadow-small\">\t\t\t\t\t\t\t\t\n\t\t\t<div class=\"bdt-post-grid-img-wrap bdt-overflow-hidden\">\n\t\t\t\t<a href=\"https:\/\/coopevian.com\/notivian\/noticias-destacadas\/coopevian-49-anos-fortaleciendo-los-valores-cooperativos-y-el-bienestar-colectivo\/\" class=\"bdt-transition-scale-up bdt-background-cover bdt-transition-opaque bdt-flex\" title=\"Coopevian: 49 a\u00f1os fortaleciendo los valores cooperativos y el bienestar colectivo\" style=\"background-image: url(https:\/\/coopevian.com\/notivian\/wp-content\/uploads\/2025\/06\/IMG_9662.jpg)\">\n  \t\t\t\t<\/a>\n\t\t\t<\/div>\n\t  \t\t\n\t  \t\t<div class=\"bdt-post-grid-desc bdt-padding\">\n\t\t\t\t<h2 class=\"bdt-post-grid-title\">\n\t\t\t\t<a href=\"https:\/\/coopevian.com\/notivian\/noticias-destacadas\/coopevian-49-anos-fortaleciendo-los-valores-cooperativos-y-el-bienestar-colectivo\/\" class=\"bdt-post-grid-link\" title=\"Coopevian: 49 a\u00f1os fortaleciendo los valores cooperativos y el bienestar colectivo\">\n\t\t\t\t\tCoopevian: 49 a\u00f1os fortaleciendo los valores cooperativos y el bienestar colectivo\n\t\t\t\t<\/a>\n\t\t\t<\/h2>\n\t\t\t\t\t\t<div class=\"bdt-post-grid-excerpt\">\n\t\t\t<p>El Consejo de Administraci\u00f3n de Coopevian se complace en conmemorar con orgullo el 49\u00b0 aniversario<\/p>\n\t\t<\/div>\n\n\t\t\t\t\t\t\t\t<div>\n\t\t\t<a href=\"https:\/\/coopevian.com\/notivian\/noticias-destacadas\/coopevian-49-anos-fortaleciendo-los-valores-cooperativos-y-el-bienestar-colectivo\/\"\n\t\t\t\tclass=\"bdt-post-grid-readmore bdt-display-inline-block \">\n\t\t\t\tLEER M\u00c1S\t\n\t\t\t\t\t\t\t\t\t<span class=\"bdt-button-icon-align-right\">\n\t\n\t\t\t\t\t\t<svg aria-hidden=\"true\" class=\"fa-fw e-font-icon-svg e-fas-chevron-right\" viewBox=\"0 0 320 512\" xmlns=\"http:\/\/www.w3.org\/2000\/svg\"><path d=\"M285.476 272.971L91.132 467.314c-9.373 9.373-24.569 9.373-33.941 0l-22.667-22.667c-9.357-9.357-9.375-24.522-.04-33.901L188.505 256 34.484 101.255c-9.335-9.379-9.317-24.544.04-33.901l22.667-22.667c9.373-9.373 24.569-9.373 33.941 0L285.475 239.03c9.373 9.372 9.373 24.568.001 33.941z\"><\/path><\/svg>\t\n\t\t\t\t\t<\/span>\n\t\t\t\t\t\t\t<\/a>\n\t\t<\/div>\n\t\t\t\t\t<\/div>\n\n\t\t\t\t\t\t\t<div class=\"bdt-post-grid-meta bdt-subnav bdt-flex-inline bdt-flex-middle\">\n\t\t\t\t\t\t\t\t\t\t<span class=\"bdt-post-grid-date\">diciembre 10, 2025<\/span>\t\t\t\t\t<div class=\"bdt-post-grid-comments bdt-inline-block\"><span><i class=\"ep-icon-bubble\" aria-hidden=\"true\"><\/i> 0<\/span><\/div>\t\t\t\t\t\t\t\t\t<\/div>\n\t\t\t\n\t\t\t\t\t<div class=\"bdt-post-grid-category bdt-position-small bdt-position-top-right\">\n\t\t\t<a href=\"https:\/\/coopevian.com\/notivian\/category\/editorial\/\">Editorial<\/a> <a href=\"https:\/\/coopevian.com\/notivian\/category\/noticias-destacadas\/\">Noticias Destacadas<\/a>\t\t<\/div>\n\t\t\t\t<\/div>\n\t\t\t\t\t\t\t<\/div>\n\t\t\t\t\t  \t\t\t\n\t\t  \t\t\t<div class=\" bdt-width-1-2@m bdt-width-1-2@s bdt-width-1-1 bdt-secondary\">\n\t\t\t\t\t\t\t\t<div class=\"bdt-post-grid-item bdt-transition-toggle bdt-position-relative bdt-box-shadow-small\">\t\t\t\t\t\t\t\t\n\t\t\t<div class=\"bdt-post-grid-img-wrap bdt-overflow-hidden\">\n\t\t\t\t<a href=\"https:\/\/coopevian.com\/notivian\/noticias-destacadas\/pension-el-inicio-de-una-nueva-vida\/\" class=\"bdt-transition-scale-up bdt-background-cover bdt-transition-opaque bdt-flex\" title=\"Pensi\u00f3n: El inicio de una nueva vida\" style=\"background-image: url(https:\/\/coopevian.com\/notivian\/wp-content\/uploads\/2025\/12\/Gerencia-diciembre2025.jpg)\">\n  \t\t\t\t<\/a>\n\t\t\t<\/div>\n\t  \t\t\n\t  \t\t<div class=\"bdt-post-grid-desc bdt-padding\">\n\t\t\t\t<h2 class=\"bdt-post-grid-title\">\n\t\t\t\t<a href=\"https:\/\/coopevian.com\/notivian\/noticias-destacadas\/pension-el-inicio-de-una-nueva-vida\/\" class=\"bdt-post-grid-link\" title=\"Pensi\u00f3n: El inicio de una nueva vida\">\n\t\t\t\t\tPensi\u00f3n: El inicio de una nueva vida\n\t\t\t\t<\/a>\n\t\t\t<\/h2>\n\t\t\t\t\t\t<div class=\"bdt-post-grid-excerpt\">\n\t\t\t<p>Cordial saludo,\u00a0 Desde hace 12 a\u00f1os aproximadamente, la Responsabilidad Social Empresarial \u2013 RSE en nuestra<\/p>\n\t\t<\/div>\n\n\t\t\t\t\t\t\t\t<div>\n\t\t\t<a href=\"https:\/\/coopevian.com\/notivian\/noticias-destacadas\/pension-el-inicio-de-una-nueva-vida\/\"\n\t\t\t\tclass=\"bdt-post-grid-readmore bdt-display-inline-block \">\n\t\t\t\tLEER M\u00c1S\t\n\t\t\t\t\t\t\t\t\t<span class=\"bdt-button-icon-align-right\">\n\t\n\t\t\t\t\t\t<svg aria-hidden=\"true\" class=\"fa-fw e-font-icon-svg e-fas-chevron-right\" viewBox=\"0 0 320 512\" xmlns=\"http:\/\/www.w3.org\/2000\/svg\"><path d=\"M285.476 272.971L91.132 467.314c-9.373 9.373-24.569 9.373-33.941 0l-22.667-22.667c-9.357-9.357-9.375-24.522-.04-33.901L188.505 256 34.484 101.255c-9.335-9.379-9.317-24.544.04-33.901l22.667-22.667c9.373-9.373 24.569-9.373 33.941 0L285.475 239.03c9.373 9.372 9.373 24.568.001 33.941z\"><\/path><\/svg>\t\n\t\t\t\t\t<\/span>\n\t\t\t\t\t\t\t<\/a>\n\t\t<\/div>\n\t\t\t\t\t<\/div>\n\n\t\t\t\t\t\t\t<div class=\"bdt-post-grid-meta bdt-subnav bdt-flex-inline bdt-flex-middle\">\n\t\t\t\t\t\t\t\t\t\t<span class=\"bdt-post-grid-date\">diciembre 10, 2025<\/span>\t\t\t\t\t<div class=\"bdt-post-grid-comments bdt-inline-block\"><span><i class=\"ep-icon-bubble\" aria-hidden=\"true\"><\/i> 0<\/span><\/div>\t\t\t\t\t\t\t\t\t<\/div>\n\t\t\t\n\t\t\t\t\t<div class=\"bdt-post-grid-category bdt-position-small bdt-position-top-right\">\n\t\t\t<a href=\"https:\/\/coopevian.com\/notivian\/category\/editorial\/\">Editorial<\/a> <a href=\"https:\/\/coopevian.com\/notivian\/category\/noticias-destacadas\/\">Noticias Destacadas<\/a>\t\t<\/div>\n\t\t\t\t<\/div>\n\t\t\t\t\t\t\t<\/div>\n\t\t\t\t\t  \t\t\t\n\t\t  \t\t\t<div class=\" bdt-width-1-2@m bdt-width-1-2@s bdt-width-1-1 bdt-secondary\">\n\t\t\t\t\t\t\t\t<div class=\"bdt-post-grid-item bdt-transition-toggle bdt-position-relative bdt-box-shadow-small\">\t\t\t\t\t\t\t\t\n\t\t\t<div class=\"bdt-post-grid-img-wrap bdt-overflow-hidden\">\n\t\t\t\t<a href=\"https:\/\/coopevian.com\/notivian\/noticias-destacadas\/asignacion-de-nueva-programacion-de-turnos-para-los-vigilantes-de-coopevian\/\" class=\"bdt-transition-scale-up bdt-background-cover bdt-transition-opaque bdt-flex\" title=\"Asignaci\u00f3n de Nueva Programaci\u00f3n de Turnos para los Vigilantes de COOPEVIAN\" style=\"background-image: url(https:\/\/coopevian.com\/notivian\/wp-content\/uploads\/2025\/07\/EHA09105-1.jpg)\">\n  \t\t\t\t<\/a>\n\t\t\t<\/div>\n\t  \t\t\n\t  \t\t<div class=\"bdt-post-grid-desc bdt-padding\">\n\t\t\t\t<h2 class=\"bdt-post-grid-title\">\n\t\t\t\t<a href=\"https:\/\/coopevian.com\/notivian\/noticias-destacadas\/asignacion-de-nueva-programacion-de-turnos-para-los-vigilantes-de-coopevian\/\" class=\"bdt-post-grid-link\" title=\"Asignaci\u00f3n de Nueva Programaci\u00f3n de Turnos para los Vigilantes de COOPEVIAN\">\n\t\t\t\t\tAsignaci\u00f3n de Nueva Programaci\u00f3n de Turnos para los Vigilantes de COOPEVIAN\n\t\t\t\t<\/a>\n\t\t\t<\/h2>\n\t\t\t\t\t\t<div class=\"bdt-post-grid-excerpt\">\n\t\t\t<p>Estimados asociados vigilantes: &nbsp; Desde la Direcci\u00f3n Operativa, la Direcci\u00f3n de Agencias Rionegro, Barranquilla y<\/p>\n\t\t<\/div>\n\n\t\t\t\t\t\t\t\t<div>\n\t\t\t<a href=\"https:\/\/coopevian.com\/notivian\/noticias-destacadas\/asignacion-de-nueva-programacion-de-turnos-para-los-vigilantes-de-coopevian\/\"\n\t\t\t\tclass=\"bdt-post-grid-readmore bdt-display-inline-block \">\n\t\t\t\tLEER M\u00c1S\t\n\t\t\t\t\t\t\t\t\t<span class=\"bdt-button-icon-align-right\">\n\t\n\t\t\t\t\t\t<svg aria-hidden=\"true\" class=\"fa-fw e-font-icon-svg e-fas-chevron-right\" viewBox=\"0 0 320 512\" xmlns=\"http:\/\/www.w3.org\/2000\/svg\"><path d=\"M285.476 272.971L91.132 467.314c-9.373 9.373-24.569 9.373-33.941 0l-22.667-22.667c-9.357-9.357-9.375-24.522-.04-33.901L188.505 256 34.484 101.255c-9.335-9.379-9.317-24.544.04-33.901l22.667-22.667c9.373-9.373 24.569-9.373 33.941 0L285.475 239.03c9.373 9.372 9.373 24.568.001 33.941z\"><\/path><\/svg>\t\n\t\t\t\t\t<\/span>\n\t\t\t\t\t\t\t<\/a>\n\t\t<\/div>\n\t\t\t\t\t<\/div>\n\n\t\t\t\t\t\t\t<div class=\"bdt-post-grid-meta bdt-subnav bdt-flex-inline bdt-flex-middle\">\n\t\t\t\t\t\t\t\t\t\t<span class=\"bdt-post-grid-date\">julio 24, 2025<\/span>\t\t\t\t\t<div class=\"bdt-post-grid-comments bdt-inline-block\"><span><i class=\"ep-icon-bubble\" aria-hidden=\"true\"><\/i> 0<\/span><\/div>\t\t\t\t\t\t\t\t\t<\/div>\n\t\t\t\n\t\t\t\t\t<div class=\"bdt-post-grid-category bdt-position-small bdt-position-top-right\">\n\t\t\t<a href=\"https:\/\/coopevian.com\/notivian\/category\/bienestar\/\">Bienestar<\/a> <a href=\"https:\/\/coopevian.com\/notivian\/category\/editorial\/\">Editorial<\/a> <a href=\"https:\/\/coopevian.com\/notivian\/category\/noticias\/\">Noticias<\/a> <a href=\"https:\/\/coopevian.com\/notivian\/category\/noticias-destacadas\/\">Noticias Destacadas<\/a>\t\t<\/div>\n\t\t\t\t<\/div>\n\t\t\t\t\t\t\t<\/div>\n\t\t\t\t\t  \t\t\t\n\t\t  \t\t\t<div class=\" bdt-width-1-2@m bdt-width-1-2@s bdt-width-1-1 bdt-secondary\">\n\t\t\t\t\t\t\t\t<div class=\"bdt-post-grid-item bdt-transition-toggle bdt-position-relative bdt-box-shadow-small\">\t\t\t\t\t\t\t\t\n\t\t\t<div class=\"bdt-post-grid-img-wrap bdt-overflow-hidden\">\n\t\t\t\t<a href=\"https:\/\/coopevian.com\/notivian\/noticias-destacadas\/coopevian-cta-mas-que-una-cooperativa-un-referente-nacional-2\/\" class=\"bdt-transition-scale-up bdt-background-cover bdt-transition-opaque bdt-flex\" title=\"COOPEVIAN CTA: M\u00e1s que una cooperativa, un referente nacional\" style=\"background-image: url(https:\/\/coopevian.com\/notivian\/wp-content\/uploads\/2025\/06\/IMG_9662.jpg)\">\n  \t\t\t\t<\/a>\n\t\t\t<\/div>\n\t  \t\t\n\t  \t\t<div class=\"bdt-post-grid-desc bdt-padding\">\n\t\t\t\t<h2 class=\"bdt-post-grid-title\">\n\t\t\t\t<a href=\"https:\/\/coopevian.com\/notivian\/noticias-destacadas\/coopevian-cta-mas-que-una-cooperativa-un-referente-nacional-2\/\" class=\"bdt-post-grid-link\" title=\"COOPEVIAN CTA: M\u00e1s que una cooperativa, un referente nacional\">\n\t\t\t\t\tCOOPEVIAN CTA: M\u00e1s que una cooperativa, un referente nacional\n\t\t\t\t<\/a>\n\t\t\t<\/h2>\n\t\t\t\t\t\t<div class=\"bdt-post-grid-excerpt\">\n\t\t\t<p>Apreciada comunidad asociada, empleada, colaboradores, clientes, aliados y amigos de COOPEVIAN CTA: Reciban un fraternal<\/p>\n\t\t<\/div>\n\n\t\t\t\t\t\t\t\t<div>\n\t\t\t<a href=\"https:\/\/coopevian.com\/notivian\/noticias-destacadas\/coopevian-cta-mas-que-una-cooperativa-un-referente-nacional-2\/\"\n\t\t\t\tclass=\"bdt-post-grid-readmore bdt-display-inline-block \">\n\t\t\t\tLEER M\u00c1S\t\n\t\t\t\t\t\t\t\t\t<span class=\"bdt-button-icon-align-right\">\n\t\n\t\t\t\t\t\t<svg aria-hidden=\"true\" class=\"fa-fw e-font-icon-svg e-fas-chevron-right\" viewBox=\"0 0 320 512\" xmlns=\"http:\/\/www.w3.org\/2000\/svg\"><path d=\"M285.476 272.971L91.132 467.314c-9.373 9.373-24.569 9.373-33.941 0l-22.667-22.667c-9.357-9.357-9.375-24.522-.04-33.901L188.505 256 34.484 101.255c-9.335-9.379-9.317-24.544.04-33.901l22.667-22.667c9.373-9.373 24.569-9.373 33.941 0L285.475 239.03c9.373 9.372 9.373 24.568.001 33.941z\"><\/path><\/svg>\t\n\t\t\t\t\t<\/span>\n\t\t\t\t\t\t\t<\/a>\n\t\t<\/div>\n\t\t\t\t\t<\/div>\n\n\t\t\t\t\t\t\t<div class=\"bdt-post-grid-meta bdt-subnav bdt-flex-inline bdt-flex-middle\">\n\t\t\t\t\t\t\t\t\t\t<span class=\"bdt-post-grid-date\">julio 22, 2025<\/span>\t\t\t\t\t<div class=\"bdt-post-grid-comments bdt-inline-block\"><span><i class=\"ep-icon-bubble\" aria-hidden=\"true\"><\/i> 0<\/span><\/div>\t\t\t\t\t\t\t\t\t<\/div>\n\t\t\t\n\t\t\t\t\t<div class=\"bdt-post-grid-category bdt-position-small bdt-position-top-right\">\n\t\t\t<a href=\"https:\/\/coopevian.com\/notivian\/category\/editorial\/\">Editorial<\/a> <a href=\"https:\/\/coopevian.com\/notivian\/category\/noticias\/\">Noticias<\/a> <a href=\"https:\/\/coopevian.com\/notivian\/category\/noticias-destacadas\/\">Noticias Destacadas<\/a>\t\t<\/div>\n\t\t\t\t<\/div>\n\t\t\t\t\t\t\t<\/div>\n\t\t\t\t\t\t\t<\/div>\n\t\t<\/div>\t\n \t\t\t\t\t<div class=\"ep-pagination\">\n\t\t\t\t<ul class=\"bdt-pagination bdt-flex-center\">\n<li class=\"bdt-active\"><a href=\"https:\/\/coopevian.com\/notivian\/wp-json\/wp\/v2\/pages\/374\/\">1<\/a><\/li>\n<li><a href=\"https:\/\/coopevian.com\/notivian\/wp-json\/wp\/v2\/pages\/374\/page\/2\/\">2<\/a><\/li>\n<li><a href=\"https:\/\/coopevian.com\/notivian\/wp-json\/wp\/v2\/pages\/374\/page\/3\/\">3<\/a><\/li>\n<\/ul>\n\t\t\t<\/div>\n\t\t\t\t\t\t\t<\/div>\n\t\t\t\t<\/div>\n\t\t\t\t<\/div>\n\t\t\t\t\t<\/div>\n\t\t\t\t<\/div>\n\t\t\t\t<\/div>\n\t\t\t\t<\/div>\n\t\t","protected":false},"excerpt":{"rendered":"<p>EDITORIAL Una d\u00e9cada de experiencias cooperativas El 25 de agosto de 2014 tuve la gran oportunidad de ingresar a la [&hellip;]<\/p>\n","protected":false},"author":2,"featured_media":0,"parent":0,"menu_order":0,"comment_status":"closed","ping_status":"closed","template":"","meta":{"site-sidebar-layout":"no-sidebar","site-content-layout":"","ast-site-content-layout":"full-width-container","site-content-style":"default","site-sidebar-style":"default","ast-global-header-display":"","ast-banner-title-visibility":"","ast-main-header-display":"","ast-hfb-above-header-display":"","ast-hfb-below-header-display":"","ast-hfb-mobile-header-display":"","site-post-title":"disabled","ast-breadcrumbs-content":"","ast-featured-img":"disabled","footer-sml-layout":"","theme-transparent-header-meta":"default","adv-header-id-meta":"","stick-header-meta":"","header-above-stick-meta":"","header-main-stick-meta":"","header-below-stick-meta":"","astra-migrate-meta-layouts":"set","ast-page-background-enabled":"default","ast-page-background-meta":{"desktop":{"background-color":"var(--ast-global-color-4)","background-image":"","background-repeat":"repeat","background-position":"center center","background-size":"auto","background-attachment":"scroll","background-type":"","background-media":"","overlay-type":"","overlay-color":"","overlay-opacity":"","overlay-gradient":""},"tablet":{"background-color":"","background-image":"","background-repeat":"repeat","background-position":"center center","background-size":"auto","background-attachment":"scroll","background-type":"","background-media":"","overlay-type":"","overlay-color":"","overlay-opacity":"","overlay-gradient":""},"mobile":{"background-color":"","background-image":"","background-repeat":"repeat","background-position":"center center","background-size":"auto","background-attachment":"scroll","background-type":"","background-media":"","overlay-type":"","overlay-color":"","overlay-opacity":"","overlay-gradient":""}},"ast-content-background-meta":{"desktop":{"background-color":"var(--ast-global-color-5)","background-image":"","background-repeat":"repeat","background-position":"center center","background-size":"auto","background-attachment":"scroll","background-type":"","background-media":"","overlay-type":"","overlay-color":"","overlay-opacity":"","overlay-gradient":""},"tablet":{"background-color":"var(--ast-global-color-5)","background-image":"","background-repeat":"repeat","background-position":"center center","background-size":"auto","background-attachment":"scroll","background-type":"","background-media":"","overlay-type":"","overlay-color":"","overlay-opacity":"","overlay-gradient":""},"mobile":{"background-color":"var(--ast-global-color-5)","background-image":"","background-repeat":"repeat","background-position":"center center","background-size":"auto","background-attachment":"scroll","background-type":"","background-media":"","overlay-type":"","overlay-color":"","overlay-opacity":"","overlay-gradient":""}},"footnotes":""},"class_list":["post-374","page","type-page","status-publish","hentry"],"_links":{"self":[{"href":"https:\/\/coopevian.com\/notivian\/wp-json\/wp\/v2\/pages\/374","targetHints":{"allow":["GET"]}}],"collection":[{"href":"https:\/\/coopevian.com\/notivian\/wp-json\/wp\/v2\/pages"}],"about":[{"href":"https:\/\/coopevian.com\/notivian\/wp-json\/wp\/v2\/types\/page"}],"author":[{"embeddable":true,"href":"https:\/\/coopevian.com\/notivian\/wp-json\/wp\/v2\/users\/2"}],"replies":[{"embeddable":true,"href":"https:\/\/coopevian.com\/notivian\/wp-json\/wp\/v2\/comments?post=374"}],"version-history":[{"count":61,"href":"https:\/\/coopevian.com\/notivian\/wp-json\/wp\/v2\/pages\/374\/revisions"}],"predecessor-version":[{"id":1384,"href":"https:\/\/coopevian.com\/notivian\/wp-json\/wp\/v2\/pages\/374\/revisions\/1384"}],"wp:attachment":[{"href":"https:\/\/coopevian.com\/notivian\/wp-json\/wp\/v2\/media?parent=374"}],"curies":[{"name":"wp","href":"https:\/\/api.w.org\/{rel}","templated":true}]}}