{"id":393,"date":"2024-11-26T16:14:07","date_gmt":"2024-11-26T16:14:07","guid":{"rendered":"https:\/\/coopevian.com\/notivian\/?page_id=393"},"modified":"2025-04-29T10:33:52","modified_gmt":"2025-04-29T15:33:52","slug":"innovacion","status":"publish","type":"page","link":"https:\/\/coopevian.com\/notivian\/innovacion\/","title":{"rendered":"INNOVACI\u00d3N"},"content":{"rendered":"\t\t<div data-elementor-type=\"wp-page\" data-elementor-id=\"393\" class=\"elementor elementor-393\" data-elementor-settings=\"{&quot;element_pack_global_tooltip_width&quot;:{&quot;unit&quot;:&quot;px&quot;,&quot;size&quot;:&quot;&quot;,&quot;sizes&quot;:[]},&quot;element_pack_global_tooltip_width_tablet&quot;:{&quot;unit&quot;:&quot;px&quot;,&quot;size&quot;:&quot;&quot;,&quot;sizes&quot;:[]},&quot;element_pack_global_tooltip_width_mobile&quot;:{&quot;unit&quot;:&quot;px&quot;,&quot;size&quot;:&quot;&quot;,&quot;sizes&quot;:[]},&quot;element_pack_global_tooltip_padding&quot;:{&quot;unit&quot;:&quot;px&quot;,&quot;top&quot;:&quot;&quot;,&quot;right&quot;:&quot;&quot;,&quot;bottom&quot;:&quot;&quot;,&quot;left&quot;:&quot;&quot;,&quot;isLinked&quot;:true},&quot;element_pack_global_tooltip_padding_tablet&quot;:{&quot;unit&quot;:&quot;px&quot;,&quot;top&quot;:&quot;&quot;,&quot;right&quot;:&quot;&quot;,&quot;bottom&quot;:&quot;&quot;,&quot;left&quot;:&quot;&quot;,&quot;isLinked&quot;:true},&quot;element_pack_global_tooltip_padding_mobile&quot;:{&quot;unit&quot;:&quot;px&quot;,&quot;top&quot;:&quot;&quot;,&quot;right&quot;:&quot;&quot;,&quot;bottom&quot;:&quot;&quot;,&quot;left&quot;:&quot;&quot;,&quot;isLinked&quot;:true},&quot;element_pack_global_tooltip_border_radius&quot;:{&quot;unit&quot;:&quot;px&quot;,&quot;top&quot;:&quot;&quot;,&quot;right&quot;:&quot;&quot;,&quot;bottom&quot;:&quot;&quot;,&quot;left&quot;:&quot;&quot;,&quot;isLinked&quot;:true},&quot;element_pack_global_tooltip_border_radius_tablet&quot;:{&quot;unit&quot;:&quot;px&quot;,&quot;top&quot;:&quot;&quot;,&quot;right&quot;:&quot;&quot;,&quot;bottom&quot;:&quot;&quot;,&quot;left&quot;:&quot;&quot;,&quot;isLinked&quot;:true},&quot;element_pack_global_tooltip_border_radius_mobile&quot;:{&quot;unit&quot;:&quot;px&quot;,&quot;top&quot;:&quot;&quot;,&quot;right&quot;:&quot;&quot;,&quot;bottom&quot;:&quot;&quot;,&quot;left&quot;:&quot;&quot;,&quot;isLinked&quot;:true}}\" data-elementor-post-type=\"page\">\n\t\t\t\t<div class=\"elementor-element elementor-element-b5be6fc e-con-full e-flex e-con e-parent\" data-id=\"b5be6fc\" data-element_type=\"container\">\n\t\t<div class=\"elementor-element elementor-element-408466d e-flex e-con-boxed e-con e-child\" data-id=\"408466d\" data-element_type=\"container\">\n\t\t\t\t\t<div class=\"e-con-inner\">\n\t\t\t\t<div class=\"elementor-element elementor-element-3f5f699 elementor-widget elementor-widget-heading\" data-id=\"3f5f699\" data-element_type=\"widget\" data-widget_type=\"heading.default\">\n\t\t\t\t<div class=\"elementor-widget-container\">\n\t\t\t\t\t<h1 class=\"elementor-heading-title elementor-size-default\">INNOVACI\u00d3N<\/h1>\t\t\t\t<\/div>\n\t\t\t\t<\/div>\n\t\t\t\t<div class=\"elementor-element elementor-element-24f06cb elementor-widget-divider--view-line elementor-widget elementor-widget-divider\" data-id=\"24f06cb\" data-element_type=\"widget\" data-widget_type=\"divider.default\">\n\t\t\t\t<div class=\"elementor-widget-container\">\n\t\t\t\t\t\t\t<div class=\"elementor-divider\">\n\t\t\t<span class=\"elementor-divider-separator\">\n\t\t\t\t\t\t<\/span>\n\t\t<\/div>\n\t\t\t\t\t\t<\/div>\n\t\t\t\t<\/div>\n\t\t<div class=\"elementor-element elementor-element-24defc7 e-con-full e-flex e-con e-child\" data-id=\"24defc7\" data-element_type=\"container\">\n\t\t\t\t<div class=\"elementor-element elementor-element-38a8927 ntc_int elementor-widget elementor-widget-bdt-post-grid\" data-id=\"38a8927\" data-element_type=\"widget\" data-settings=\"{&quot;columns&quot;:&quot;2&quot;,&quot;columns_tablet&quot;:&quot;2&quot;,&quot;columns_mobile&quot;:&quot;1&quot;}\" data-widget_type=\"bdt-post-grid.bdt-harold\">\n\t\t\t\t<div class=\"elementor-widget-container\">\n\t\t\t\t\t \n\t\t<div id=\"bdt-post-grid-38a8927\" class=\"bdt-post-grid bdt-post-grid-skin-harold\">\n\t  \t\t<div class=\"bdt-grid bdt-grid-medium bdt-grid-small\" data-bdt-grid=\"\" bdt-height-match=\"target: &gt; div ~ div .bdt-post-grid-desc\">\n\n\t\t\t\t\t  \t\t\t\n\t\t  \t\t\t<div class=\" bdt-width-1-1@m bdt-width-1-1@s bdt-width-1-1 bdt-primary bdt-text-center\">\n\t\t\t\t\t\t\t\t<div class=\"bdt-post-grid-item bdt-transition-toggle bdt-position-relative bdt-box-shadow-small\">\t\t\t\t\t\t\t\t\n\t\t\t<div class=\"bdt-post-grid-img-wrap bdt-overflow-hidden\">\n\t\t\t\t<a href=\"https:\/\/coopevian.com\/notivian\/noticias-destacadas\/consideraciones-para-la-instalacion-de-camaras-ip-en-residencias\/\" class=\"bdt-transition-scale-up bdt-background-cover bdt-transition-opaque bdt-flex\" title=\"Consideraciones para la instalaci\u00f3n de c\u00e1maras IP en residencias\" style=\"background-image: url(https:\/\/coopevian.com\/notivian\/wp-content\/uploads\/2025\/07\/DUV9908-1.jpg)\">\n  \t\t\t\t<\/a>\n\t\t\t<\/div>\n\t  \t\t\n\t  \t\t<div class=\"bdt-post-grid-desc bdt-padding\">\n\t\t\t\t<h2 class=\"bdt-post-grid-title\">\n\t\t\t\t<a href=\"https:\/\/coopevian.com\/notivian\/noticias-destacadas\/consideraciones-para-la-instalacion-de-camaras-ip-en-residencias\/\" class=\"bdt-post-grid-link\" title=\"Consideraciones para la instalaci\u00f3n de c\u00e1maras IP en residencias\">\n\t\t\t\t\tConsideraciones para la instalaci\u00f3n de c\u00e1maras IP en residencias\n\t\t\t\t<\/a>\n\t\t\t<\/h2>\n\t\t\t\t\t\t<div class=\"bdt-post-grid-excerpt\">\n\t\t\t<p>De las diferentes opciones que existen en el mercado para la protecci\u00f3n de una vivienda, una c\u00e1mara de seguridad es una de las m\u00e1s llamativas. Tenemos una gran variedad de dispositivos con caracter\u00edsticas distintas. Vamos revisar algunos par\u00e1metros qu\u00e9 debemos conocer antes de poner\u202fc\u00e1maras IP\u202fen<\/p>\n\t\t<\/div>\n\n\t\t\t\t\t\t\t\t<div>\n\t\t\t<a href=\"https:\/\/coopevian.com\/notivian\/noticias-destacadas\/consideraciones-para-la-instalacion-de-camaras-ip-en-residencias\/\"\n\t\t\t\tclass=\"bdt-post-grid-readmore bdt-display-inline-block \">\n\t\t\t\tLEER M\u00c1S\t\n\t\t\t\t\t\t\t\t\t<span class=\"bdt-button-icon-align-right\">\n\t\n\t\t\t\t\t\t<svg aria-hidden=\"true\" class=\"fa-fw e-font-icon-svg e-fas-chevron-right\" viewBox=\"0 0 320 512\" xmlns=\"http:\/\/www.w3.org\/2000\/svg\"><path d=\"M285.476 272.971L91.132 467.314c-9.373 9.373-24.569 9.373-33.941 0l-22.667-22.667c-9.357-9.357-9.375-24.522-.04-33.901L188.505 256 34.484 101.255c-9.335-9.379-9.317-24.544.04-33.901l22.667-22.667c9.373-9.373 24.569-9.373 33.941 0L285.475 239.03c9.373 9.372 9.373 24.568.001 33.941z\"><\/path><\/svg>\t\n\t\t\t\t\t<\/span>\n\t\t\t\t\t\t\t<\/a>\n\t\t<\/div>\n\t\t\t\t\t<\/div>\n\n\t\t\t\t\t\t\t<div class=\"bdt-post-grid-meta bdt-subnav bdt-flex-inline bdt-flex-middle\">\n\t\t\t\t\t\t\t\t\t\t<span class=\"bdt-post-grid-date\">julio 25, 2025<\/span>\t\t\t\t\t<div class=\"bdt-post-grid-comments bdt-inline-block\"><span><i class=\"ep-icon-bubble\" aria-hidden=\"true\"><\/i> 0<\/span><\/div>\t\t\t\t\t\t\t\t\t<\/div>\n\t\t\t\n\t\t\t\t\t<div class=\"bdt-post-grid-category bdt-position-small bdt-position-top-right\">\n\t\t\t<a href=\"https:\/\/coopevian.com\/notivian\/category\/innovacion\/\">Innovaci\u00f3n<\/a> <a href=\"https:\/\/coopevian.com\/notivian\/category\/noticias-destacadas\/\">Noticias Destacadas<\/a>\t\t<\/div>\n\t\t\t\t<\/div>\n\t\t\t\t\t\t\t<\/div>\n\t\t\t\t\t  \t\t\t\n\t\t  \t\t\t<div class=\" bdt-width-1-2@m bdt-width-1-2@s bdt-width-1-1 bdt-secondary\">\n\t\t\t\t\t\t\t\t<div class=\"bdt-post-grid-item bdt-transition-toggle bdt-position-relative bdt-box-shadow-small\">\t\t\t\t\t\t\t\t\n\t\t\t<div class=\"bdt-post-grid-img-wrap bdt-overflow-hidden\">\n\t\t\t\t<a href=\"https:\/\/coopevian.com\/notivian\/noticias-destacadas\/avanza-el-cambio-de-imagen-en-los-uniformes-de-coopevian\/\" class=\"bdt-transition-scale-up bdt-background-cover bdt-transition-opaque bdt-flex\" title=\"Avanza el cambio de imagen en los uniformes de COOPEVIAN\" style=\"background-image: url(https:\/\/coopevian.com\/notivian\/wp-content\/uploads\/2025\/07\/DSC07504-1.jpg)\">\n  \t\t\t\t<\/a>\n\t\t\t<\/div>\n\t  \t\t\n\t  \t\t<div class=\"bdt-post-grid-desc bdt-padding\">\n\t\t\t\t<h2 class=\"bdt-post-grid-title\">\n\t\t\t\t<a href=\"https:\/\/coopevian.com\/notivian\/noticias-destacadas\/avanza-el-cambio-de-imagen-en-los-uniformes-de-coopevian\/\" class=\"bdt-post-grid-link\" title=\"Avanza el cambio de imagen en los uniformes de COOPEVIAN\">\n\t\t\t\t\tAvanza el cambio de imagen en los uniformes de COOPEVIAN\n\t\t\t\t<\/a>\n\t\t\t<\/h2>\n\t\t\t\t\t\t<div class=\"bdt-post-grid-excerpt\">\n\t\t\t<p>Avanzando con la l\u00ednea de renovaci\u00f3n de nuestra imagen institucional y en cumplimiento de la<\/p>\n\t\t<\/div>\n\n\t\t\t\t\t\t\t\t<div>\n\t\t\t<a href=\"https:\/\/coopevian.com\/notivian\/noticias-destacadas\/avanza-el-cambio-de-imagen-en-los-uniformes-de-coopevian\/\"\n\t\t\t\tclass=\"bdt-post-grid-readmore bdt-display-inline-block \">\n\t\t\t\tLEER M\u00c1S\t\n\t\t\t\t\t\t\t\t\t<span class=\"bdt-button-icon-align-right\">\n\t\n\t\t\t\t\t\t<svg aria-hidden=\"true\" class=\"fa-fw e-font-icon-svg e-fas-chevron-right\" viewBox=\"0 0 320 512\" xmlns=\"http:\/\/www.w3.org\/2000\/svg\"><path d=\"M285.476 272.971L91.132 467.314c-9.373 9.373-24.569 9.373-33.941 0l-22.667-22.667c-9.357-9.357-9.375-24.522-.04-33.901L188.505 256 34.484 101.255c-9.335-9.379-9.317-24.544.04-33.901l22.667-22.667c9.373-9.373 24.569-9.373 33.941 0L285.475 239.03c9.373 9.372 9.373 24.568.001 33.941z\"><\/path><\/svg>\t\n\t\t\t\t\t<\/span>\n\t\t\t\t\t\t\t<\/a>\n\t\t<\/div>\n\t\t\t\t\t<\/div>\n\n\t\t\t\t\t\t\t<div class=\"bdt-post-grid-meta bdt-subnav bdt-flex-inline bdt-flex-middle\">\n\t\t\t\t\t\t\t\t\t\t<span class=\"bdt-post-grid-date\">julio 24, 2025<\/span>\t\t\t\t\t<div class=\"bdt-post-grid-comments bdt-inline-block\"><span><i class=\"ep-icon-bubble\" aria-hidden=\"true\"><\/i> 0<\/span><\/div>\t\t\t\t\t\t\t\t\t<\/div>\n\t\t\t\n\t\t\t\t\t<div class=\"bdt-post-grid-category bdt-position-small bdt-position-top-right\">\n\t\t\t<a href=\"https:\/\/coopevian.com\/notivian\/category\/innovacion\/\">Innovaci\u00f3n<\/a> <a href=\"https:\/\/coopevian.com\/notivian\/category\/noticias\/\">Noticias<\/a> <a href=\"https:\/\/coopevian.com\/notivian\/category\/noticias-destacadas\/\">Noticias Destacadas<\/a>\t\t<\/div>\n\t\t\t\t<\/div>\n\t\t\t\t\t\t\t<\/div>\n\t\t\t\t\t  \t\t\t\n\t\t  \t\t\t<div class=\" bdt-width-1-2@m bdt-width-1-2@s bdt-width-1-1 bdt-secondary\">\n\t\t\t\t\t\t\t\t<div class=\"bdt-post-grid-item bdt-transition-toggle bdt-position-relative bdt-box-shadow-small\">\t\t\t\t\t\t\t\t\n\t\t\t<div class=\"bdt-post-grid-img-wrap bdt-overflow-hidden\">\n\t\t\t\t<a href=\"https:\/\/coopevian.com\/notivian\/noticias-destacadas\/la-inteligencia-artificial-ia-puede-tener-impacto-profundo-y-transformador-en-los-sistemas-integrados-de-gestion-sig\/\" class=\"bdt-transition-scale-up bdt-background-cover bdt-transition-opaque bdt-flex\" title=\"La inteligencia artificial (IA) puede tener impacto profundo y transformador en los sistemas integrados de gesti\u00f3n (SIG)\" style=\"background-image: url(https:\/\/coopevian.com\/notivian\/wp-content\/uploads\/2025\/07\/interaccion-humana-con-la-ia-inteligencia-artificial-proceso-cerebral-generativo-de-la-ia-uuid-1.jpg)\">\n  \t\t\t\t<\/a>\n\t\t\t<\/div>\n\t  \t\t\n\t  \t\t<div class=\"bdt-post-grid-desc bdt-padding\">\n\t\t\t\t<h2 class=\"bdt-post-grid-title\">\n\t\t\t\t<a href=\"https:\/\/coopevian.com\/notivian\/noticias-destacadas\/la-inteligencia-artificial-ia-puede-tener-impacto-profundo-y-transformador-en-los-sistemas-integrados-de-gestion-sig\/\" class=\"bdt-post-grid-link\" title=\"La inteligencia artificial (IA) puede tener impacto profundo y transformador en los sistemas integrados de gesti\u00f3n (SIG)\">\n\t\t\t\t\tLa inteligencia artificial (IA) puede tener impacto profundo y transformador en los sistemas integrados de gesti\u00f3n (SIG)\n\t\t\t\t<\/a>\n\t\t\t<\/h2>\n\t\t\t\t\t\t<div class=\"bdt-post-grid-excerpt\">\n\t\t\t<p>La inteligencia artificial (IA) puede tener impacto profundo y transformador en los sistemas integrados de<\/p>\n\t\t<\/div>\n\n\t\t\t\t\t\t\t\t<div>\n\t\t\t<a href=\"https:\/\/coopevian.com\/notivian\/noticias-destacadas\/la-inteligencia-artificial-ia-puede-tener-impacto-profundo-y-transformador-en-los-sistemas-integrados-de-gestion-sig\/\"\n\t\t\t\tclass=\"bdt-post-grid-readmore bdt-display-inline-block \">\n\t\t\t\tLEER M\u00c1S\t\n\t\t\t\t\t\t\t\t\t<span class=\"bdt-button-icon-align-right\">\n\t\n\t\t\t\t\t\t<svg aria-hidden=\"true\" class=\"fa-fw e-font-icon-svg e-fas-chevron-right\" viewBox=\"0 0 320 512\" xmlns=\"http:\/\/www.w3.org\/2000\/svg\"><path d=\"M285.476 272.971L91.132 467.314c-9.373 9.373-24.569 9.373-33.941 0l-22.667-22.667c-9.357-9.357-9.375-24.522-.04-33.901L188.505 256 34.484 101.255c-9.335-9.379-9.317-24.544.04-33.901l22.667-22.667c9.373-9.373 24.569-9.373 33.941 0L285.475 239.03c9.373 9.372 9.373 24.568.001 33.941z\"><\/path><\/svg>\t\n\t\t\t\t\t<\/span>\n\t\t\t\t\t\t\t<\/a>\n\t\t<\/div>\n\t\t\t\t\t<\/div>\n\n\t\t\t\t\t\t\t<div class=\"bdt-post-grid-meta bdt-subnav bdt-flex-inline bdt-flex-middle\">\n\t\t\t\t\t\t\t\t\t\t<span class=\"bdt-post-grid-date\">julio 24, 2025<\/span>\t\t\t\t\t<div class=\"bdt-post-grid-comments bdt-inline-block\"><span><i class=\"ep-icon-bubble\" aria-hidden=\"true\"><\/i> 0<\/span><\/div>\t\t\t\t\t\t\t\t\t<\/div>\n\t\t\t\n\t\t\t\t\t<div class=\"bdt-post-grid-category bdt-position-small bdt-position-top-right\">\n\t\t\t<a href=\"https:\/\/coopevian.com\/notivian\/category\/innovacion\/\">Innovaci\u00f3n<\/a> <a href=\"https:\/\/coopevian.com\/notivian\/category\/noticias\/\">Noticias<\/a> <a href=\"https:\/\/coopevian.com\/notivian\/category\/noticias-destacadas\/\">Noticias Destacadas<\/a>\t\t<\/div>\n\t\t\t\t<\/div>\n\t\t\t\t\t\t\t<\/div>\n\t\t\t\t\t  \t\t\t\n\t\t  \t\t\t<div class=\" bdt-width-1-2@m bdt-width-1-2@s bdt-width-1-1 bdt-secondary\">\n\t\t\t\t\t\t\t\t<div class=\"bdt-post-grid-item bdt-transition-toggle bdt-position-relative bdt-box-shadow-small\">\t\t\t\t\t\t\t\t\n\t\t\t<div class=\"bdt-post-grid-img-wrap bdt-overflow-hidden\">\n\t\t\t\t<a href=\"https:\/\/coopevian.com\/notivian\/noticias-destacadas\/las-ia-como-herramientas-y-no-como-enemigas-de-los-trabajadores\/\" class=\"bdt-transition-scale-up bdt-background-cover bdt-transition-opaque bdt-flex\" title=\"Las IA como herramientas y no como enemigas de los trabajadores\" style=\"background-image: url(https:\/\/coopevian.com\/notivian\/wp-content\/uploads\/2025\/07\/concepto-de-collage-de-avatar-de-metaverso-1.jpg)\">\n  \t\t\t\t<\/a>\n\t\t\t<\/div>\n\t  \t\t\n\t  \t\t<div class=\"bdt-post-grid-desc bdt-padding\">\n\t\t\t\t<h2 class=\"bdt-post-grid-title\">\n\t\t\t\t<a href=\"https:\/\/coopevian.com\/notivian\/noticias-destacadas\/las-ia-como-herramientas-y-no-como-enemigas-de-los-trabajadores\/\" class=\"bdt-post-grid-link\" title=\"Las IA como herramientas y no como enemigas de los trabajadores\">\n\t\t\t\t\tLas IA como herramientas y no como enemigas de los trabajadores\n\t\t\t\t<\/a>\n\t\t\t<\/h2>\n\t\t\t\t\t\t<div class=\"bdt-post-grid-excerpt\">\n\t\t\t<p>Entendamos primero qu\u00e9 es una IA: La IA (inteligencia artificial) es un campo de la<\/p>\n\t\t<\/div>\n\n\t\t\t\t\t\t\t\t<div>\n\t\t\t<a href=\"https:\/\/coopevian.com\/notivian\/noticias-destacadas\/las-ia-como-herramientas-y-no-como-enemigas-de-los-trabajadores\/\"\n\t\t\t\tclass=\"bdt-post-grid-readmore bdt-display-inline-block \">\n\t\t\t\tLEER M\u00c1S\t\n\t\t\t\t\t\t\t\t\t<span class=\"bdt-button-icon-align-right\">\n\t\n\t\t\t\t\t\t<svg aria-hidden=\"true\" class=\"fa-fw e-font-icon-svg e-fas-chevron-right\" viewBox=\"0 0 320 512\" xmlns=\"http:\/\/www.w3.org\/2000\/svg\"><path d=\"M285.476 272.971L91.132 467.314c-9.373 9.373-24.569 9.373-33.941 0l-22.667-22.667c-9.357-9.357-9.375-24.522-.04-33.901L188.505 256 34.484 101.255c-9.335-9.379-9.317-24.544.04-33.901l22.667-22.667c9.373-9.373 24.569-9.373 33.941 0L285.475 239.03c9.373 9.372 9.373 24.568.001 33.941z\"><\/path><\/svg>\t\n\t\t\t\t\t<\/span>\n\t\t\t\t\t\t\t<\/a>\n\t\t<\/div>\n\t\t\t\t\t<\/div>\n\n\t\t\t\t\t\t\t<div class=\"bdt-post-grid-meta bdt-subnav bdt-flex-inline bdt-flex-middle\">\n\t\t\t\t\t\t\t\t\t\t<span class=\"bdt-post-grid-date\">julio 24, 2025<\/span>\t\t\t\t\t<div class=\"bdt-post-grid-comments bdt-inline-block\"><span><i class=\"ep-icon-bubble\" aria-hidden=\"true\"><\/i> 0<\/span><\/div>\t\t\t\t\t\t\t\t\t<\/div>\n\t\t\t\n\t\t\t\t\t<div class=\"bdt-post-grid-category bdt-position-small bdt-position-top-right\">\n\t\t\t<a href=\"https:\/\/coopevian.com\/notivian\/category\/innovacion\/\">Innovaci\u00f3n<\/a> <a href=\"https:\/\/coopevian.com\/notivian\/category\/noticias\/\">Noticias<\/a> <a href=\"https:\/\/coopevian.com\/notivian\/category\/noticias-destacadas\/\">Noticias Destacadas<\/a>\t\t<\/div>\n\t\t\t\t<\/div>\n\t\t\t\t\t\t\t<\/div>\n\t\t\t\t\t  \t\t\t\n\t\t  \t\t\t<div class=\" bdt-width-1-2@m bdt-width-1-2@s bdt-width-1-1 bdt-secondary\">\n\t\t\t\t\t\t\t\t<div class=\"bdt-post-grid-item bdt-transition-toggle bdt-position-relative bdt-box-shadow-small\">\t\t\t\t\t\t\t\t\n\t\t\t<div class=\"bdt-post-grid-img-wrap bdt-overflow-hidden\">\n\t\t\t\t<a href=\"https:\/\/coopevian.com\/notivian\/noticias-destacadas\/linea-de-atencion-operativa-24-7-canal-directo-con-el-ccoop\/\" class=\"bdt-transition-scale-up bdt-background-cover bdt-transition-opaque bdt-flex\" title=\"L\u00ednea de atenci\u00f3n operativa 24\/7: canal directo con el CCOOP\" style=\"background-image: url(https:\/\/coopevian.com\/notivian\/wp-content\/uploads\/2025\/07\/FICHA-CCOOP-01.jpg)\">\n  \t\t\t\t<\/a>\n\t\t\t<\/div>\n\t  \t\t\n\t  \t\t<div class=\"bdt-post-grid-desc bdt-padding\">\n\t\t\t\t<h2 class=\"bdt-post-grid-title\">\n\t\t\t\t<a href=\"https:\/\/coopevian.com\/notivian\/noticias-destacadas\/linea-de-atencion-operativa-24-7-canal-directo-con-el-ccoop\/\" class=\"bdt-post-grid-link\" title=\"L\u00ednea de atenci\u00f3n operativa 24\/7: canal directo con el CCOOP\">\n\t\t\t\t\tL\u00ednea de atenci\u00f3n operativa 24\/7: canal directo con el CCOOP\n\t\t\t\t<\/a>\n\t\t\t<\/h2>\n\t\t\t\t\t\t<div class=\"bdt-post-grid-excerpt\">\n\t\t\t<p>Con el prop\u00f3sito de fortalecer los canales de comunicaci\u00f3n entre el CCOOP (Centro de Comunicaciones<\/p>\n\t\t<\/div>\n\n\t\t\t\t\t\t\t\t<div>\n\t\t\t<a href=\"https:\/\/coopevian.com\/notivian\/noticias-destacadas\/linea-de-atencion-operativa-24-7-canal-directo-con-el-ccoop\/\"\n\t\t\t\tclass=\"bdt-post-grid-readmore bdt-display-inline-block \">\n\t\t\t\tLEER M\u00c1S\t\n\t\t\t\t\t\t\t\t\t<span class=\"bdt-button-icon-align-right\">\n\t\n\t\t\t\t\t\t<svg aria-hidden=\"true\" class=\"fa-fw e-font-icon-svg e-fas-chevron-right\" viewBox=\"0 0 320 512\" xmlns=\"http:\/\/www.w3.org\/2000\/svg\"><path d=\"M285.476 272.971L91.132 467.314c-9.373 9.373-24.569 9.373-33.941 0l-22.667-22.667c-9.357-9.357-9.375-24.522-.04-33.901L188.505 256 34.484 101.255c-9.335-9.379-9.317-24.544.04-33.901l22.667-22.667c9.373-9.373 24.569-9.373 33.941 0L285.475 239.03c9.373 9.372 9.373 24.568.001 33.941z\"><\/path><\/svg>\t\n\t\t\t\t\t<\/span>\n\t\t\t\t\t\t\t<\/a>\n\t\t<\/div>\n\t\t\t\t\t<\/div>\n\n\t\t\t\t\t\t\t<div class=\"bdt-post-grid-meta bdt-subnav bdt-flex-inline bdt-flex-middle\">\n\t\t\t\t\t\t\t\t\t\t<span class=\"bdt-post-grid-date\">julio 24, 2025<\/span>\t\t\t\t\t<div class=\"bdt-post-grid-comments bdt-inline-block\"><span><i class=\"ep-icon-bubble\" aria-hidden=\"true\"><\/i> 0<\/span><\/div>\t\t\t\t\t\t\t\t\t<\/div>\n\t\t\t\n\t\t\t\t\t<div class=\"bdt-post-grid-category bdt-position-small bdt-position-top-right\">\n\t\t\t<a href=\"https:\/\/coopevian.com\/notivian\/category\/innovacion\/\">Innovaci\u00f3n<\/a> <a href=\"https:\/\/coopevian.com\/notivian\/category\/noticias-destacadas\/\">Noticias Destacadas<\/a>\t\t<\/div>\n\t\t\t\t<\/div>\n\t\t\t\t\t\t\t<\/div>\n\t\t\t\t\t\t\t<\/div>\n\t\t<\/div>\t\n \t\t\t\t\t<div class=\"ep-pagination\">\n\t\t\t\t<ul class=\"bdt-pagination bdt-flex-center\">\n<li class=\"bdt-active\"><a href=\"https:\/\/coopevian.com\/notivian\/wp-json\/wp\/v2\/pages\/393\/\">1<\/a><\/li>\n<li><a href=\"https:\/\/coopevian.com\/notivian\/wp-json\/wp\/v2\/pages\/393\/page\/2\/\">2<\/a><\/li>\n<li><a href=\"https:\/\/coopevian.com\/notivian\/wp-json\/wp\/v2\/pages\/393\/page\/3\/\">3<\/a><\/li>\n<\/ul>\n\t\t\t<\/div>\n\t\t\t\t\t\t\t<\/div>\n\t\t\t\t<\/div>\n\t\t\t\t<\/div>\n\t\t\t\t\t<\/div>\n\t\t\t\t<\/div>\n\t\t\t\t<\/div>\n\t\t\t\t<\/div>\n\t\t","protected":false},"excerpt":{"rendered":"<p>INNOVACI\u00d3N Fortaleciendo el Servicio de Seguridad con Coopevian Querida comunidad Asociada, reciban un cordial saludo y especial agradecimiento de parte [&hellip;]<\/p>\n","protected":false},"author":2,"featured_media":0,"parent":0,"menu_order":0,"comment_status":"closed","ping_status":"closed","template":"","meta":{"site-sidebar-layout":"no-sidebar","site-content-layout":"","ast-site-content-layout":"full-width-container","site-content-style":"default","site-sidebar-style":"default","ast-global-header-display":"","ast-banner-title-visibility":"","ast-main-header-display":"","ast-hfb-above-header-display":"","ast-hfb-below-header-display":"","ast-hfb-mobile-header-display":"","site-post-title":"disabled","ast-breadcrumbs-content":"","ast-featured-img":"disabled","footer-sml-layout":"","theme-transparent-header-meta":"default","adv-header-id-meta":"","stick-header-meta":"","header-above-stick-meta":"","header-main-stick-meta":"","header-below-stick-meta":"","astra-migrate-meta-layouts":"set","ast-page-background-enabled":"default","ast-page-background-meta":{"desktop":{"background-color":"var(--ast-global-color-4)","background-image":"","background-repeat":"repeat","background-position":"center center","background-size":"auto","background-attachment":"scroll","background-type":"","background-media":"","overlay-type":"","overlay-color":"","overlay-opacity":"","overlay-gradient":""},"tablet":{"background-color":"","background-image":"","background-repeat":"repeat","background-position":"center center","background-size":"auto","background-attachment":"scroll","background-type":"","background-media":"","overlay-type":"","overlay-color":"","overlay-opacity":"","overlay-gradient":""},"mobile":{"background-color":"","background-image":"","background-repeat":"repeat","background-position":"center center","background-size":"auto","background-attachment":"scroll","background-type":"","background-media":"","overlay-type":"","overlay-color":"","overlay-opacity":"","overlay-gradient":""}},"ast-content-background-meta":{"desktop":{"background-color":"var(--ast-global-color-5)","background-image":"","background-repeat":"repeat","background-position":"center center","background-size":"auto","background-attachment":"scroll","background-type":"","background-media":"","overlay-type":"","overlay-color":"","overlay-opacity":"","overlay-gradient":""},"tablet":{"background-color":"var(--ast-global-color-5)","background-image":"","background-repeat":"repeat","background-position":"center center","background-size":"auto","background-attachment":"scroll","background-type":"","background-media":"","overlay-type":"","overlay-color":"","overlay-opacity":"","overlay-gradient":""},"mobile":{"background-color":"var(--ast-global-color-5)","background-image":"","background-repeat":"repeat","background-position":"center center","background-size":"auto","background-attachment":"scroll","background-type":"","background-media":"","overlay-type":"","overlay-color":"","overlay-opacity":"","overlay-gradient":""}},"footnotes":""},"class_list":["post-393","page","type-page","status-publish","hentry"],"_links":{"self":[{"href":"https:\/\/coopevian.com\/notivian\/wp-json\/wp\/v2\/pages\/393","targetHints":{"allow":["GET"]}}],"collection":[{"href":"https:\/\/coopevian.com\/notivian\/wp-json\/wp\/v2\/pages"}],"about":[{"href":"https:\/\/coopevian.com\/notivian\/wp-json\/wp\/v2\/types\/page"}],"author":[{"embeddable":true,"href":"https:\/\/coopevian.com\/notivian\/wp-json\/wp\/v2\/users\/2"}],"replies":[{"embeddable":true,"href":"https:\/\/coopevian.com\/notivian\/wp-json\/wp\/v2\/comments?post=393"}],"version-history":[{"count":19,"href":"https:\/\/coopevian.com\/notivian\/wp-json\/wp\/v2\/pages\/393\/revisions"}],"predecessor-version":[{"id":1387,"href":"https:\/\/coopevian.com\/notivian\/wp-json\/wp\/v2\/pages\/393\/revisions\/1387"}],"wp:attachment":[{"href":"https:\/\/coopevian.com\/notivian\/wp-json\/wp\/v2\/media?parent=393"}],"curies":[{"name":"wp","href":"https:\/\/api.w.org\/{rel}","templated":true}]}}