{"id":395,"date":"2024-11-26T16:14:22","date_gmt":"2024-11-26T16:14:22","guid":{"rendered":"https:\/\/coopevian.com\/notivian\/?page_id=395"},"modified":"2025-08-21T15:46:45","modified_gmt":"2025-08-21T20:46:45","slug":"entrevistas","status":"publish","type":"page","link":"https:\/\/coopevian.com\/notivian\/entrevistas\/","title":{"rendered":"ENTREVISTAS"},"content":{"rendered":"\t\t<div data-elementor-type=\"wp-page\" data-elementor-id=\"395\" class=\"elementor elementor-395\" data-elementor-settings=\"{&quot;element_pack_global_tooltip_width&quot;:{&quot;unit&quot;:&quot;px&quot;,&quot;size&quot;:&quot;&quot;,&quot;sizes&quot;:[]},&quot;element_pack_global_tooltip_width_tablet&quot;:{&quot;unit&quot;:&quot;px&quot;,&quot;size&quot;:&quot;&quot;,&quot;sizes&quot;:[]},&quot;element_pack_global_tooltip_width_mobile&quot;:{&quot;unit&quot;:&quot;px&quot;,&quot;size&quot;:&quot;&quot;,&quot;sizes&quot;:[]},&quot;element_pack_global_tooltip_padding&quot;:{&quot;unit&quot;:&quot;px&quot;,&quot;top&quot;:&quot;&quot;,&quot;right&quot;:&quot;&quot;,&quot;bottom&quot;:&quot;&quot;,&quot;left&quot;:&quot;&quot;,&quot;isLinked&quot;:true},&quot;element_pack_global_tooltip_padding_tablet&quot;:{&quot;unit&quot;:&quot;px&quot;,&quot;top&quot;:&quot;&quot;,&quot;right&quot;:&quot;&quot;,&quot;bottom&quot;:&quot;&quot;,&quot;left&quot;:&quot;&quot;,&quot;isLinked&quot;:true},&quot;element_pack_global_tooltip_padding_mobile&quot;:{&quot;unit&quot;:&quot;px&quot;,&quot;top&quot;:&quot;&quot;,&quot;right&quot;:&quot;&quot;,&quot;bottom&quot;:&quot;&quot;,&quot;left&quot;:&quot;&quot;,&quot;isLinked&quot;:true},&quot;element_pack_global_tooltip_border_radius&quot;:{&quot;unit&quot;:&quot;px&quot;,&quot;top&quot;:&quot;&quot;,&quot;right&quot;:&quot;&quot;,&quot;bottom&quot;:&quot;&quot;,&quot;left&quot;:&quot;&quot;,&quot;isLinked&quot;:true},&quot;element_pack_global_tooltip_border_radius_tablet&quot;:{&quot;unit&quot;:&quot;px&quot;,&quot;top&quot;:&quot;&quot;,&quot;right&quot;:&quot;&quot;,&quot;bottom&quot;:&quot;&quot;,&quot;left&quot;:&quot;&quot;,&quot;isLinked&quot;:true},&quot;element_pack_global_tooltip_border_radius_mobile&quot;:{&quot;unit&quot;:&quot;px&quot;,&quot;top&quot;:&quot;&quot;,&quot;right&quot;:&quot;&quot;,&quot;bottom&quot;:&quot;&quot;,&quot;left&quot;:&quot;&quot;,&quot;isLinked&quot;:true}}\" data-elementor-post-type=\"page\">\n\t\t\t\t<div class=\"elementor-element elementor-element-121114f e-con-full e-flex e-con e-parent\" data-id=\"121114f\" data-element_type=\"container\">\n\t\t<div class=\"elementor-element elementor-element-49915b2 e-flex e-con-boxed e-con e-child\" data-id=\"49915b2\" data-element_type=\"container\">\n\t\t\t\t\t<div class=\"e-con-inner\">\n\t\t\t\t<div class=\"elementor-element elementor-element-1479889 elementor-widget elementor-widget-heading\" data-id=\"1479889\" data-element_type=\"widget\" data-widget_type=\"heading.default\">\n\t\t\t\t<div class=\"elementor-widget-container\">\n\t\t\t\t\t<h1 class=\"elementor-heading-title elementor-size-default\">ENTREVISTAS<\/h1>\t\t\t\t<\/div>\n\t\t\t\t<\/div>\n\t\t\t\t<div class=\"elementor-element elementor-element-92f2539 elementor-widget-divider--view-line elementor-widget elementor-widget-divider\" data-id=\"92f2539\" data-element_type=\"widget\" data-widget_type=\"divider.default\">\n\t\t\t\t<div class=\"elementor-widget-container\">\n\t\t\t\t\t\t\t<div class=\"elementor-divider\">\n\t\t\t<span class=\"elementor-divider-separator\">\n\t\t\t\t\t\t<\/span>\n\t\t<\/div>\n\t\t\t\t\t\t<\/div>\n\t\t\t\t<\/div>\n\t\t<div class=\"elementor-element elementor-element-bbb58e7 e-con-full e-flex e-con e-child\" data-id=\"bbb58e7\" data-element_type=\"container\">\n\t\t\t\t<div class=\"elementor-element elementor-element-a8fb01d coopetv elementor-widget elementor-widget-bdt-video-gallery\" data-id=\"a8fb01d\" data-element_type=\"widget\" data-widget_type=\"bdt-video-gallery.default\">\n\t\t\t\t<div class=\"elementor-widget-container\">\n\t\t\t\t\t\t\t\t\t<div class=\"bdt-video-gallery rvs-container rvs-flat-circle-play rvs-horizontal\">\n\t\t\t\t\t<div class=\"rvs-item-container\">\n\t\t\t\t\t\t<div class=\"rvs-item-stage\">\n\t\t\t\t\t\t\t\t\t\t<!-- items go here -->\n\t\t\t<div class=\"rvs-item\" style=\"background-image: url(https:\/\/img.youtube.com\/vi\/y_LF1z5e09g\/maxresdefault.jpg)\">\n\n\t\t\t\t\t\t\t\t\t<div class=\"rvs-item-text\">\n\n\t\t\t\t\t\t\t\t\t\t\t\t\t<h3\t\t\t\t\t\t\t\tclass=\"bdt-vg-video-title\">\n\t\t\t\t\t\t\t\tC\u00e1psulas para un mundo mejor\t\t\t\t\t\t\t<\/h3>\n\t\t\t\t\t\t\n\t\t\t\t\t\t\t\t\t\t\t\t\t<div class=\"bdt-vg-video-desc\">\n\t\t\t\t\t\t\t\tLas \u201cC\u00e1psulas Para Un Mundo Mejor\u201d son una iniciativa de Confecoop Antioquia que cada mes visibiliza c\u00f3mo las cooperativas asociadas aportan al desarrollo social y econ\u00f3mico del pa\u00eds.\t\t\t\t\t\t\t<\/div>\n\t\t\t\t\t\t\n\t\t\t\t\t<\/div>\n\t\t\t\t\n\t\t\t\t<a href=\"https:\/\/www.youtube.com\/watch?v=y_LF1z5e09g\" class=\"rvs-play-video\"><\/a>\n\t\t\t<\/div>\n\n\t\t\t\t\t<!-- items go here -->\n\t\t\t<div class=\"rvs-item\" style=\"background-image: url(https:\/\/img.youtube.com\/vi\/w5tSkQZtv0Q\/maxresdefault.jpg)\">\n\n\t\t\t\t\t\t\t\t\t<div class=\"rvs-item-text\">\n\n\t\t\t\t\t\t\t\t\t\t\t\t\t<h3\t\t\t\t\t\t\t\tclass=\"bdt-vg-video-title\">\n\t\t\t\t\t\t\t\tCuidando lo que m\u00e1s quieres\u2026 incluso tus sue\u00f1os.\t\t\t\t\t\t\t<\/h3>\n\t\t\t\t\t\t\n\t\t\t\t\t\t\t\t\t\t\t\t\t<div class=\"bdt-vg-video-desc\">\n\t\t\t\t\t\t\t\tAs\u00ed comienza una de las muchas historias reales que se viven en COOPEVIAN.\nPorque aqu\u00ed, trabajar no es solo cumplir turnos.\t\t\t\t\t\t\t<\/div>\n\t\t\t\t\t\t\n\t\t\t\t\t<\/div>\n\t\t\t\t\n\t\t\t\t<a href=\"https:\/\/www.youtube.com\/watch?v=w5tSkQZtv0Q\" class=\"rvs-play-video\"><\/a>\n\t\t\t<\/div>\n\n\t\t\t\t\t<!-- items go here -->\n\t\t\t<div class=\"rvs-item\" style=\"background-image: url(https:\/\/img.youtube.com\/vi\/Ct4JlvWGSyE\/maxresdefault.jpg)\">\n\n\t\t\t\t\t\t\t\t\t<div class=\"rvs-item-text\">\n\n\t\t\t\t\t\t\t\t\t\t\t\t\t<h3\t\t\t\t\t\t\t\tclass=\"bdt-vg-video-title\">\n\t\t\t\t\t\t\t\tFamilia, pasi\u00f3n y empe\u00f1o: Historia de COOPEVIAN cap\u00edtulo 2\t\t\t\t\t\t\t<\/h3>\n\t\t\t\t\t\t\n\t\t\t\t\t\t\t\t\t\t\t\t\t<div class=\"bdt-vg-video-desc\">\n\t\t\t\t\t\t\t\tHoy Hugo Rojas, director operativo de la Cooperativa, cuenta sus inicios en COOPEVIAN y cu\u00e1l ha sido el proceso de ascenso dentro de la Organizaci\u00f3n.\t\t\t\t\t\t\t<\/div>\n\t\t\t\t\t\t\n\t\t\t\t\t<\/div>\n\t\t\t\t\n\t\t\t\t<a href=\"https:\/\/www.youtube.com\/watch?v=Ct4JlvWGSyE\" class=\"rvs-play-video\"><\/a>\n\t\t\t<\/div>\n\n\t\t\t\t\t<!-- items go here -->\n\t\t\t<div class=\"rvs-item\" style=\"background-image: url(https:\/\/img.youtube.com\/vi\/Pqv_zJ-Ltf8\/maxresdefault.jpg)\">\n\n\t\t\t\t\t\t\t\t\t<div class=\"rvs-item-text\">\n\n\t\t\t\t\t\t\t\t\t\t\t\t\t<h3\t\t\t\t\t\t\t\tclass=\"bdt-vg-video-title\">\n\t\t\t\t\t\t\t\t\u00a122 so\u00f1adores, una meta! Conoce nuestra historia de la mano de los fundadores\t\t\t\t\t\t\t<\/h3>\n\t\t\t\t\t\t\n\t\t\t\t\t\t\t\t\t\t\t\t\t<div class=\"bdt-vg-video-desc\">\n\t\t\t\t\t\t\t\tEn este video pues conocer un poco de la historia de Coopevian, una cooperativa que naci\u00f3 del esfuerzo y la uni\u00f3n de sus fundadores. \t\t\t\t\t\t\t<\/div>\n\t\t\t\t\t\t\n\t\t\t\t\t<\/div>\n\t\t\t\t\n\t\t\t\t<a href=\"https:\/\/www.youtube.com\/watch?v=Pqv_zJ-Ltf8\" class=\"rvs-play-video\"><\/a>\n\t\t\t<\/div>\n\n\t\t\n\n\t\t<\/div>\n\t\t<\/div>\n\n\t\t\t\t\t<div class=\"rvs-nav-container\">\n\t\t\t\t<a class=\"rvs-nav-prev\"><\/a>\n\t\t\t\t<div class=\"rvs-nav-stage\">\n\n\t\t\t\t\t\t\t\t\t\t\t<!-- nav items go here -->\n\t\t\t\t\t\t<a class=\"rvs-nav-item\">\n\n\t\t\t\t\t\t\t\t\t\t\t\t\t\t\t<span class=\"rvs-nav-item-thumb\"\n\t\t\t\t\t\t\t\t\tstyle=\"background-image: url(https:\/\/img.youtube.com\/vi\/y_LF1z5e09g\/default.jpg)\"><\/span>\n\t\t\t\t\t\t\t\n\t\t\t\t\t\t\t\t\t\t\t\t\t\t\t<h4\t\t\t\t\t\t\t\t\tclass=\"rvs-nav-item-title\" title=\"\n\t\t\t\t\t\t\t\t\tC\u00e1psulas para un mundo mejor\">\n\t\t\t\t\t\t\t\t\tC\u00e1psulas para un mundo mejor\t\t\t\t\t\t\t\t<\/h4>\n\t\t\t\t\t\t\t\n\t\t\t\t\t\t\t\t\t\t\t\t\t\t\t<div class=\"rvs-nav-item-credits\" title=\"Las \u201cC\u00e1psulas Para Un Mundo Mejor\u201d son una iniciativa de Confecoop Antioquia que cada mes visibiliza c\u00f3mo las cooperativas asociadas aportan al desarrollo social y econ\u00f3mico del pa\u00eds.\">\n\t\t\t\t\t\t\t\t\tLas \u201cC\u00e1psulas Para Un Mundo Mejor\u201d son una iniciativa de Confecoop Antioquia que cada mes visibiliza c\u00f3mo las cooperativas asociadas aportan al desarrollo social y econ\u00f3mico del pa\u00eds.\t\t\t\t\t\t\t\t<\/div>\n\t\t\t\t\t\t\t\t\t\t\t\t\t<\/a>\n\n\t\t\t\t\t\t\t\t\t\t\t<!-- nav items go here -->\n\t\t\t\t\t\t<a class=\"rvs-nav-item\">\n\n\t\t\t\t\t\t\t\t\t\t\t\t\t\t\t<span class=\"rvs-nav-item-thumb\"\n\t\t\t\t\t\t\t\t\tstyle=\"background-image: url(https:\/\/img.youtube.com\/vi\/w5tSkQZtv0Q\/default.jpg)\"><\/span>\n\t\t\t\t\t\t\t\n\t\t\t\t\t\t\t\t\t\t\t\t\t\t\t<h4\t\t\t\t\t\t\t\t\tclass=\"rvs-nav-item-title\" title=\"\n\t\t\t\t\t\t\t\t\tCuidando lo que m\u00e1s quieres\u2026 incluso tus sue\u00f1os.\">\n\t\t\t\t\t\t\t\t\tCuidando lo que m\u00e1s quieres\u2026 incluso tus sue\u00f1os.\t\t\t\t\t\t\t\t<\/h4>\n\t\t\t\t\t\t\t\n\t\t\t\t\t\t\t\t\t\t\t\t\t\t\t<div class=\"rvs-nav-item-credits\" title=\"As\u00ed comienza una de las muchas historias reales que se viven en COOPEVIAN.\nPorque aqu\u00ed, trabajar no es solo cumplir turnos.\">\n\t\t\t\t\t\t\t\t\tAs\u00ed comienza una de las muchas historias reales que se viven en COOPEVIAN.\nPorque aqu\u00ed, trabajar no es solo cumplir turnos.\t\t\t\t\t\t\t\t<\/div>\n\t\t\t\t\t\t\t\t\t\t\t\t\t<\/a>\n\n\t\t\t\t\t\t\t\t\t\t\t<!-- nav items go here -->\n\t\t\t\t\t\t<a class=\"rvs-nav-item\">\n\n\t\t\t\t\t\t\t\t\t\t\t\t\t\t\t<span class=\"rvs-nav-item-thumb\"\n\t\t\t\t\t\t\t\t\tstyle=\"background-image: url(https:\/\/img.youtube.com\/vi\/Ct4JlvWGSyE\/default.jpg)\"><\/span>\n\t\t\t\t\t\t\t\n\t\t\t\t\t\t\t\t\t\t\t\t\t\t\t<h4\t\t\t\t\t\t\t\t\tclass=\"rvs-nav-item-title\" title=\"\n\t\t\t\t\t\t\t\t\tFamilia, pasi\u00f3n y empe\u00f1o: Historia de COOPEVIAN cap\u00edtulo 2\">\n\t\t\t\t\t\t\t\t\tFamilia, pasi\u00f3n y empe\u00f1o: Historia de COOPEVIAN cap\u00edtulo 2\t\t\t\t\t\t\t\t<\/h4>\n\t\t\t\t\t\t\t\n\t\t\t\t\t\t\t\t\t\t\t\t\t\t\t<div class=\"rvs-nav-item-credits\" title=\"Hoy Hugo Rojas, director operativo de la Cooperativa, cuenta sus inicios en COOPEVIAN y cu\u00e1l ha sido el proceso de ascenso dentro de la Organizaci\u00f3n.\">\n\t\t\t\t\t\t\t\t\tHoy Hugo Rojas, director operativo de la Cooperativa, cuenta sus inicios en COOPEVIAN y cu\u00e1l ha sido el proceso de ascenso dentro de la Organizaci\u00f3n.\t\t\t\t\t\t\t\t<\/div>\n\t\t\t\t\t\t\t\t\t\t\t\t\t<\/a>\n\n\t\t\t\t\t\t\t\t\t\t\t<!-- nav items go here -->\n\t\t\t\t\t\t<a class=\"rvs-nav-item\">\n\n\t\t\t\t\t\t\t\t\t\t\t\t\t\t\t<span class=\"rvs-nav-item-thumb\"\n\t\t\t\t\t\t\t\t\tstyle=\"background-image: url(https:\/\/img.youtube.com\/vi\/Pqv_zJ-Ltf8\/default.jpg)\"><\/span>\n\t\t\t\t\t\t\t\n\t\t\t\t\t\t\t\t\t\t\t\t\t\t\t<h4\t\t\t\t\t\t\t\t\tclass=\"rvs-nav-item-title\" title=\"\n\t\t\t\t\t\t\t\t\t\u00a122 so\u00f1adores, una meta! Conoce nuestra historia de la mano de los fundadores\">\n\t\t\t\t\t\t\t\t\t\u00a122 so\u00f1adores, una meta! Conoce nuestra historia de la mano de los fundadores\t\t\t\t\t\t\t\t<\/h4>\n\t\t\t\t\t\t\t\n\t\t\t\t\t\t\t\t\t\t\t\t\t\t\t<div class=\"rvs-nav-item-credits\" title=\"En este video pues conocer un poco de la historia de Coopevian, una cooperativa que naci\u00f3 del esfuerzo y la uni\u00f3n de sus fundadores. \">\n\t\t\t\t\t\t\t\t\tEn este video pues conocer un poco de la historia de Coopevian, una cooperativa que naci\u00f3 del esfuerzo y la uni\u00f3n de sus fundadores. \t\t\t\t\t\t\t\t<\/div>\n\t\t\t\t\t\t\t\t\t\t\t\t\t<\/a>\n\n\t\t\t\t\t\n\t\t\t\t\t\t\t\t\t\t<\/div>\n\t\t\t\t\t\t<a class=\"rvs-nav-next\"><\/a>\n\t\t\t\t\t<\/div>\n\t\t\t\t<\/div>\n\t\t\t\t\t\t\t\t<\/div>\n\t\t\t\t<\/div>\n\t\t\t\t<\/div>\n\t\t\t\t\t<\/div>\n\t\t\t\t<\/div>\n\t\t\t\t<\/div>\n\t\t\t\t<\/div>\n\t\t","protected":false},"excerpt":{"rendered":"<p>ENTREVISTAS C\u00e1psulas para un mundo mejor Las \u201cC\u00e1psulas Para Un Mundo Mejor\u201d son una iniciativa de Confecoop Antioquia que cada [&hellip;]<\/p>\n","protected":false},"author":2,"featured_media":0,"parent":0,"menu_order":0,"comment_status":"closed","ping_status":"closed","template":"","meta":{"site-sidebar-layout":"no-sidebar","site-content-layout":"","ast-site-content-layout":"full-width-container","site-content-style":"default","site-sidebar-style":"default","ast-global-header-display":"","ast-banner-title-visibility":"","ast-main-header-display":"","ast-hfb-above-header-display":"","ast-hfb-below-header-display":"","ast-hfb-mobile-header-display":"","site-post-title":"disabled","ast-breadcrumbs-content":"","ast-featured-img":"disabled","footer-sml-layout":"","theme-transparent-header-meta":"default","adv-header-id-meta":"","stick-header-meta":"","header-above-stick-meta":"","header-main-stick-meta":"","header-below-stick-meta":"","astra-migrate-meta-layouts":"set","ast-page-background-enabled":"default","ast-page-background-meta":{"desktop":{"background-color":"var(--ast-global-color-4)","background-image":"","background-repeat":"repeat","background-position":"center center","background-size":"auto","background-attachment":"scroll","background-type":"","background-media":"","overlay-type":"","overlay-color":"","overlay-opacity":"","overlay-gradient":""},"tablet":{"background-color":"","background-image":"","background-repeat":"repeat","background-position":"center center","background-size":"auto","background-attachment":"scroll","background-type":"","background-media":"","overlay-type":"","overlay-color":"","overlay-opacity":"","overlay-gradient":""},"mobile":{"background-color":"","background-image":"","background-repeat":"repeat","background-position":"center center","background-size":"auto","background-attachment":"scroll","background-type":"","background-media":"","overlay-type":"","overlay-color":"","overlay-opacity":"","overlay-gradient":""}},"ast-content-background-meta":{"desktop":{"background-color":"var(--ast-global-color-5)","background-image":"","background-repeat":"repeat","background-position":"center center","background-size":"auto","background-attachment":"scroll","background-type":"","background-media":"","overlay-type":"","overlay-color":"","overlay-opacity":"","overlay-gradient":""},"tablet":{"background-color":"var(--ast-global-color-5)","background-image":"","background-repeat":"repeat","background-position":"center center","background-size":"auto","background-attachment":"scroll","background-type":"","background-media":"","overlay-type":"","overlay-color":"","overlay-opacity":"","overlay-gradient":""},"mobile":{"background-color":"var(--ast-global-color-5)","background-image":"","background-repeat":"repeat","background-position":"center center","background-size":"auto","background-attachment":"scroll","background-type":"","background-media":"","overlay-type":"","overlay-color":"","overlay-opacity":"","overlay-gradient":""}},"footnotes":""},"class_list":["post-395","page","type-page","status-publish","hentry"],"_links":{"self":[{"href":"https:\/\/coopevian.com\/notivian\/wp-json\/wp\/v2\/pages\/395","targetHints":{"allow":["GET"]}}],"collection":[{"href":"https:\/\/coopevian.com\/notivian\/wp-json\/wp\/v2\/pages"}],"about":[{"href":"https:\/\/coopevian.com\/notivian\/wp-json\/wp\/v2\/types\/page"}],"author":[{"embeddable":true,"href":"https:\/\/coopevian.com\/notivian\/wp-json\/wp\/v2\/users\/2"}],"replies":[{"embeddable":true,"href":"https:\/\/coopevian.com\/notivian\/wp-json\/wp\/v2\/comments?post=395"}],"version-history":[{"count":28,"href":"https:\/\/coopevian.com\/notivian\/wp-json\/wp\/v2\/pages\/395\/revisions"}],"predecessor-version":[{"id":1621,"href":"https:\/\/coopevian.com\/notivian\/wp-json\/wp\/v2\/pages\/395\/revisions\/1621"}],"wp:attachment":[{"href":"https:\/\/coopevian.com\/notivian\/wp-json\/wp\/v2\/media?parent=395"}],"curies":[{"name":"wp","href":"https:\/\/api.w.org\/{rel}","templated":true}]}}