{"id":397,"date":"2024-11-26T16:15:11","date_gmt":"2024-11-26T16:15:11","guid":{"rendered":"https:\/\/coopevian.com\/notivian\/?page_id=397"},"modified":"2025-04-29T10:34:44","modified_gmt":"2025-04-29T15:34:44","slug":"noticias","status":"publish","type":"page","link":"https:\/\/coopevian.com\/notivian\/noticias\/","title":{"rendered":"NOTICIAS"},"content":{"rendered":"\t\t<div data-elementor-type=\"wp-page\" data-elementor-id=\"397\" class=\"elementor elementor-397\" data-elementor-settings=\"{&quot;element_pack_global_tooltip_width&quot;:{&quot;unit&quot;:&quot;px&quot;,&quot;size&quot;:&quot;&quot;,&quot;sizes&quot;:[]},&quot;element_pack_global_tooltip_width_tablet&quot;:{&quot;unit&quot;:&quot;px&quot;,&quot;size&quot;:&quot;&quot;,&quot;sizes&quot;:[]},&quot;element_pack_global_tooltip_width_mobile&quot;:{&quot;unit&quot;:&quot;px&quot;,&quot;size&quot;:&quot;&quot;,&quot;sizes&quot;:[]},&quot;element_pack_global_tooltip_padding&quot;:{&quot;unit&quot;:&quot;px&quot;,&quot;top&quot;:&quot;&quot;,&quot;right&quot;:&quot;&quot;,&quot;bottom&quot;:&quot;&quot;,&quot;left&quot;:&quot;&quot;,&quot;isLinked&quot;:true},&quot;element_pack_global_tooltip_padding_tablet&quot;:{&quot;unit&quot;:&quot;px&quot;,&quot;top&quot;:&quot;&quot;,&quot;right&quot;:&quot;&quot;,&quot;bottom&quot;:&quot;&quot;,&quot;left&quot;:&quot;&quot;,&quot;isLinked&quot;:true},&quot;element_pack_global_tooltip_padding_mobile&quot;:{&quot;unit&quot;:&quot;px&quot;,&quot;top&quot;:&quot;&quot;,&quot;right&quot;:&quot;&quot;,&quot;bottom&quot;:&quot;&quot;,&quot;left&quot;:&quot;&quot;,&quot;isLinked&quot;:true},&quot;element_pack_global_tooltip_border_radius&quot;:{&quot;unit&quot;:&quot;px&quot;,&quot;top&quot;:&quot;&quot;,&quot;right&quot;:&quot;&quot;,&quot;bottom&quot;:&quot;&quot;,&quot;left&quot;:&quot;&quot;,&quot;isLinked&quot;:true},&quot;element_pack_global_tooltip_border_radius_tablet&quot;:{&quot;unit&quot;:&quot;px&quot;,&quot;top&quot;:&quot;&quot;,&quot;right&quot;:&quot;&quot;,&quot;bottom&quot;:&quot;&quot;,&quot;left&quot;:&quot;&quot;,&quot;isLinked&quot;:true},&quot;element_pack_global_tooltip_border_radius_mobile&quot;:{&quot;unit&quot;:&quot;px&quot;,&quot;top&quot;:&quot;&quot;,&quot;right&quot;:&quot;&quot;,&quot;bottom&quot;:&quot;&quot;,&quot;left&quot;:&quot;&quot;,&quot;isLinked&quot;:true}}\" data-elementor-post-type=\"page\">\n\t\t\t\t<div class=\"elementor-element elementor-element-6ffb88f e-con-full e-flex e-con e-parent\" data-id=\"6ffb88f\" data-element_type=\"container\">\n\t\t<div class=\"elementor-element elementor-element-5503476 e-flex e-con-boxed e-con e-child\" data-id=\"5503476\" data-element_type=\"container\">\n\t\t\t\t\t<div class=\"e-con-inner\">\n\t\t\t\t<div class=\"elementor-element elementor-element-c37bfdf elementor-widget elementor-widget-heading\" data-id=\"c37bfdf\" data-element_type=\"widget\" data-widget_type=\"heading.default\">\n\t\t\t\t<div class=\"elementor-widget-container\">\n\t\t\t\t\t<h1 class=\"elementor-heading-title elementor-size-default\">NOTICIAS<\/h1>\t\t\t\t<\/div>\n\t\t\t\t<\/div>\n\t\t\t\t<div class=\"elementor-element elementor-element-3991ef5 elementor-widget-divider--view-line elementor-widget elementor-widget-divider\" data-id=\"3991ef5\" data-element_type=\"widget\" data-widget_type=\"divider.default\">\n\t\t\t\t<div class=\"elementor-widget-container\">\n\t\t\t\t\t\t\t<div class=\"elementor-divider\">\n\t\t\t<span class=\"elementor-divider-separator\">\n\t\t\t\t\t\t<\/span>\n\t\t<\/div>\n\t\t\t\t\t\t<\/div>\n\t\t\t\t<\/div>\n\t\t<div class=\"elementor-element elementor-element-f696161 e-con-full e-flex e-con e-child\" data-id=\"f696161\" data-element_type=\"container\">\n\t\t\t\t<div class=\"elementor-element elementor-element-7d5d056 ntc_int elementor-widget elementor-widget-bdt-post-grid\" data-id=\"7d5d056\" data-element_type=\"widget\" data-settings=\"{&quot;columns&quot;:&quot;2&quot;,&quot;columns_tablet&quot;:&quot;2&quot;,&quot;columns_mobile&quot;:&quot;1&quot;}\" data-widget_type=\"bdt-post-grid.bdt-harold\">\n\t\t\t\t<div class=\"elementor-widget-container\">\n\t\t\t\t\t \n\t\t<div id=\"bdt-post-grid-7d5d056\" class=\"bdt-post-grid bdt-post-grid-skin-harold\">\n\t  \t\t<div class=\"bdt-grid bdt-grid-medium bdt-grid-small\" data-bdt-grid=\"\" bdt-height-match=\"target: &gt; div ~ div .bdt-post-grid-desc\">\n\n\t\t\t\t\t  \t\t\t\n\t\t  \t\t\t<div class=\" bdt-width-1-1@m bdt-width-1-1@s bdt-width-1-1 bdt-primary bdt-text-center\">\n\t\t\t\t\t\t\t\t<div class=\"bdt-post-grid-item bdt-transition-toggle bdt-position-relative bdt-box-shadow-small\">\t\t\t\t\t\t\t\t\n\t\t\t<div class=\"bdt-post-grid-img-wrap bdt-overflow-hidden\">\n\t\t\t\t<a href=\"https:\/\/coopevian.com\/notivian\/noticias-destacadas\/economias-desarrolladas-impacto-ambiental-y-sostenibilidad\/\" class=\"bdt-transition-scale-up bdt-background-cover bdt-transition-opaque bdt-flex\" title=\"Econom\u00edas desarrolladas: impacto ambiental y sostenibilidad\" style=\"background-image: url(https:\/\/coopevian.com\/notivian\/wp-content\/uploads\/2025\/12\/concepto-de-capitalismo-o-medio-ambiente-una-imagen-metaforica-del-dinero-industrial-o-mantener-el-mundo-hermoso-1-scaled.jpg)\">\n  \t\t\t\t<\/a>\n\t\t\t<\/div>\n\t  \t\t\n\t  \t\t<div class=\"bdt-post-grid-desc bdt-padding\">\n\t\t\t\t<h2 class=\"bdt-post-grid-title\">\n\t\t\t\t<a href=\"https:\/\/coopevian.com\/notivian\/noticias-destacadas\/economias-desarrolladas-impacto-ambiental-y-sostenibilidad\/\" class=\"bdt-post-grid-link\" title=\"Econom\u00edas desarrolladas: impacto ambiental y sostenibilidad\">\n\t\t\t\t\tEconom\u00edas desarrolladas: impacto ambiental y sostenibilidad\n\t\t\t\t<\/a>\n\t\t\t<\/h2>\n\t\t\t\t\t\t<div class=\"bdt-post-grid-excerpt\">\n\t\t\t<p>La econom\u00eda es un pilar fundamental para los gobiernos, ya que sobre ella se basa el desarrollo de los pa\u00edses. A trav\u00e9s de los impuestos, los Estados generan los recursos necesarios para financiar el gobierno, la educaci\u00f3n, la cultura, la infraestructura y otros sectores esenciales.<\/p>\n\t\t<\/div>\n\n\t\t\t\t\t\t\t\t<div>\n\t\t\t<a href=\"https:\/\/coopevian.com\/notivian\/noticias-destacadas\/economias-desarrolladas-impacto-ambiental-y-sostenibilidad\/\"\n\t\t\t\tclass=\"bdt-post-grid-readmore bdt-display-inline-block \">\n\t\t\t\tLEER M\u00c1S\t\n\t\t\t\t\t\t\t\t\t<span class=\"bdt-button-icon-align-right\">\n\t\n\t\t\t\t\t\t<svg aria-hidden=\"true\" class=\"fa-fw e-font-icon-svg e-fas-chevron-right\" viewBox=\"0 0 320 512\" xmlns=\"http:\/\/www.w3.org\/2000\/svg\"><path d=\"M285.476 272.971L91.132 467.314c-9.373 9.373-24.569 9.373-33.941 0l-22.667-22.667c-9.357-9.357-9.375-24.522-.04-33.901L188.505 256 34.484 101.255c-9.335-9.379-9.317-24.544.04-33.901l22.667-22.667c9.373-9.373 24.569-9.373 33.941 0L285.475 239.03c9.373 9.372 9.373 24.568.001 33.941z\"><\/path><\/svg>\t\n\t\t\t\t\t<\/span>\n\t\t\t\t\t\t\t<\/a>\n\t\t<\/div>\n\t\t\t\t\t<\/div>\n\n\t\t\t\t\t\t\t<div class=\"bdt-post-grid-meta bdt-subnav bdt-flex-inline bdt-flex-middle\">\n\t\t\t\t\t\t\t\t\t\t<span class=\"bdt-post-grid-date\">diciembre 18, 2025<\/span>\t\t\t\t\t<div class=\"bdt-post-grid-comments bdt-inline-block\"><span><i class=\"ep-icon-bubble\" aria-hidden=\"true\"><\/i> 0<\/span><\/div>\t\t\t\t\t\t\t\t\t<\/div>\n\t\t\t\n\t\t\t\t\t<div class=\"bdt-post-grid-category bdt-position-small bdt-position-top-right\">\n\t\t\t<a href=\"https:\/\/coopevian.com\/notivian\/category\/noticias\/\">Noticias<\/a> <a href=\"https:\/\/coopevian.com\/notivian\/category\/noticias-destacadas\/\">Noticias Destacadas<\/a> <a href=\"https:\/\/coopevian.com\/notivian\/category\/sostenibilidad\/\">Sostenibilidad<\/a>\t\t<\/div>\n\t\t\t\t<\/div>\n\t\t\t\t\t\t\t<\/div>\n\t\t\t\t\t  \t\t\t\n\t\t  \t\t\t<div class=\" bdt-width-1-2@m bdt-width-1-2@s bdt-width-1-1 bdt-secondary\">\n\t\t\t\t\t\t\t\t<div class=\"bdt-post-grid-item bdt-transition-toggle bdt-position-relative bdt-box-shadow-small\">\t\t\t\t\t\t\t\t\n\t\t\t<div class=\"bdt-post-grid-img-wrap bdt-overflow-hidden\">\n\t\t\t\t<a href=\"https:\/\/coopevian.com\/notivian\/noticias-destacadas\/como-alcanzar-la-armonia-interna-la-triple-clave-de-la-salud-oms-dieta-movimiento-y-mente\/\" class=\"bdt-transition-scale-up bdt-background-cover bdt-transition-opaque bdt-flex\" title=\"\u00bfC\u00f3mo alcanzar la armon\u00eda interna? La triple clave de la salud (OMS): dieta, movimiento y mente\" style=\"background-image: url(https:\/\/coopevian.com\/notivian\/wp-content\/uploads\/2025\/12\/mujer-joven-y-feliz-comiendo-ensalada-con-verduras-organicas-en-la-mesa-sobre-un-fondo-claro-con-ropa-de-mezclilla-el-concepto-de-comida-casera-saludable-1-scaled.jpg)\">\n  \t\t\t\t<\/a>\n\t\t\t<\/div>\n\t  \t\t\n\t  \t\t<div class=\"bdt-post-grid-desc bdt-padding\">\n\t\t\t\t<h2 class=\"bdt-post-grid-title\">\n\t\t\t\t<a href=\"https:\/\/coopevian.com\/notivian\/noticias-destacadas\/como-alcanzar-la-armonia-interna-la-triple-clave-de-la-salud-oms-dieta-movimiento-y-mente\/\" class=\"bdt-post-grid-link\" title=\"\u00bfC\u00f3mo alcanzar la armon\u00eda interna? La triple clave de la salud (OMS): dieta, movimiento y mente\">\n\t\t\t\t\t\u00bfC\u00f3mo alcanzar la armon\u00eda interna? La triple clave de la salud (OMS): dieta, movimiento y mente\n\t\t\t\t<\/a>\n\t\t\t<\/h2>\n\t\t\t\t\t\t<div class=\"bdt-post-grid-excerpt\">\n\t\t\t<p>La concepci\u00f3n tradicional de la salud como la simple \"ausencia de enfermedad\" ha sido superada.<\/p>\n\t\t<\/div>\n\n\t\t\t\t\t\t\t\t<div>\n\t\t\t<a href=\"https:\/\/coopevian.com\/notivian\/noticias-destacadas\/como-alcanzar-la-armonia-interna-la-triple-clave-de-la-salud-oms-dieta-movimiento-y-mente\/\"\n\t\t\t\tclass=\"bdt-post-grid-readmore bdt-display-inline-block \">\n\t\t\t\tLEER M\u00c1S\t\n\t\t\t\t\t\t\t\t\t<span class=\"bdt-button-icon-align-right\">\n\t\n\t\t\t\t\t\t<svg aria-hidden=\"true\" class=\"fa-fw e-font-icon-svg e-fas-chevron-right\" viewBox=\"0 0 320 512\" xmlns=\"http:\/\/www.w3.org\/2000\/svg\"><path d=\"M285.476 272.971L91.132 467.314c-9.373 9.373-24.569 9.373-33.941 0l-22.667-22.667c-9.357-9.357-9.375-24.522-.04-33.901L188.505 256 34.484 101.255c-9.335-9.379-9.317-24.544.04-33.901l22.667-22.667c9.373-9.373 24.569-9.373 33.941 0L285.475 239.03c9.373 9.372 9.373 24.568.001 33.941z\"><\/path><\/svg>\t\n\t\t\t\t\t<\/span>\n\t\t\t\t\t\t\t<\/a>\n\t\t<\/div>\n\t\t\t\t\t<\/div>\n\n\t\t\t\t\t\t\t<div class=\"bdt-post-grid-meta bdt-subnav bdt-flex-inline bdt-flex-middle\">\n\t\t\t\t\t\t\t\t\t\t<span class=\"bdt-post-grid-date\">diciembre 18, 2025<\/span>\t\t\t\t\t<div class=\"bdt-post-grid-comments bdt-inline-block\"><span><i class=\"ep-icon-bubble\" aria-hidden=\"true\"><\/i> 0<\/span><\/div>\t\t\t\t\t\t\t\t\t<\/div>\n\t\t\t\n\t\t\t\t\t<div class=\"bdt-post-grid-category bdt-position-small bdt-position-top-right\">\n\t\t\t<a href=\"https:\/\/coopevian.com\/notivian\/category\/bienestar\/\">Bienestar<\/a> <a href=\"https:\/\/coopevian.com\/notivian\/category\/noticias\/\">Noticias<\/a> <a href=\"https:\/\/coopevian.com\/notivian\/category\/noticias-destacadas\/\">Noticias Destacadas<\/a>\t\t<\/div>\n\t\t\t\t<\/div>\n\t\t\t\t\t\t\t<\/div>\n\t\t\t\t\t  \t\t\t\n\t\t  \t\t\t<div class=\" bdt-width-1-2@m bdt-width-1-2@s bdt-width-1-1 bdt-secondary\">\n\t\t\t\t\t\t\t\t<div class=\"bdt-post-grid-item bdt-transition-toggle bdt-position-relative bdt-box-shadow-small\">\t\t\t\t\t\t\t\t\n\t\t\t<div class=\"bdt-post-grid-img-wrap bdt-overflow-hidden\">\n\t\t\t\t<a href=\"https:\/\/coopevian.com\/notivian\/noticias-destacadas\/principales-cambios-claves-o-que-se-avecinan-en-los-sistemas-de-gestion-en-las-normas-ntc-iso\/\" class=\"bdt-transition-scale-up bdt-background-cover bdt-transition-opaque bdt-flex\" title=\"Principales cambios claves o que se avecinan en los sistemas de gesti\u00f3n en las normas NTC ISO.\" style=\"background-image: url(https:\/\/coopevian.com\/notivian\/wp-content\/uploads\/2025\/12\/collage-de-control-de-calidad-estandar-1-scaled.jpg)\">\n  \t\t\t\t<\/a>\n\t\t\t<\/div>\n\t  \t\t\n\t  \t\t<div class=\"bdt-post-grid-desc bdt-padding\">\n\t\t\t\t<h2 class=\"bdt-post-grid-title\">\n\t\t\t\t<a href=\"https:\/\/coopevian.com\/notivian\/noticias-destacadas\/principales-cambios-claves-o-que-se-avecinan-en-los-sistemas-de-gestion-en-las-normas-ntc-iso\/\" class=\"bdt-post-grid-link\" title=\"Principales cambios claves o que se avecinan en los sistemas de gesti\u00f3n en las normas NTC ISO.\">\n\t\t\t\t\tPrincipales cambios claves o que se avecinan en los sistemas de gesti\u00f3n en las normas NTC ISO.\n\t\t\t\t<\/a>\n\t\t\t<\/h2>\n\t\t\t\t\t\t<div class=\"bdt-post-grid-excerpt\">\n\t\t\t<p>Estos cambios impactan directamente en la manera en que las organizaciones gestionan calidad, medio ambiente,<\/p>\n\t\t<\/div>\n\n\t\t\t\t\t\t\t\t<div>\n\t\t\t<a href=\"https:\/\/coopevian.com\/notivian\/noticias-destacadas\/principales-cambios-claves-o-que-se-avecinan-en-los-sistemas-de-gestion-en-las-normas-ntc-iso\/\"\n\t\t\t\tclass=\"bdt-post-grid-readmore bdt-display-inline-block \">\n\t\t\t\tLEER M\u00c1S\t\n\t\t\t\t\t\t\t\t\t<span class=\"bdt-button-icon-align-right\">\n\t\n\t\t\t\t\t\t<svg aria-hidden=\"true\" class=\"fa-fw e-font-icon-svg e-fas-chevron-right\" viewBox=\"0 0 320 512\" xmlns=\"http:\/\/www.w3.org\/2000\/svg\"><path d=\"M285.476 272.971L91.132 467.314c-9.373 9.373-24.569 9.373-33.941 0l-22.667-22.667c-9.357-9.357-9.375-24.522-.04-33.901L188.505 256 34.484 101.255c-9.335-9.379-9.317-24.544.04-33.901l22.667-22.667c9.373-9.373 24.569-9.373 33.941 0L285.475 239.03c9.373 9.372 9.373 24.568.001 33.941z\"><\/path><\/svg>\t\n\t\t\t\t\t<\/span>\n\t\t\t\t\t\t\t<\/a>\n\t\t<\/div>\n\t\t\t\t\t<\/div>\n\n\t\t\t\t\t\t\t<div class=\"bdt-post-grid-meta bdt-subnav bdt-flex-inline bdt-flex-middle\">\n\t\t\t\t\t\t\t\t\t\t<span class=\"bdt-post-grid-date\">diciembre 18, 2025<\/span>\t\t\t\t\t<div class=\"bdt-post-grid-comments bdt-inline-block\"><span><i class=\"ep-icon-bubble\" aria-hidden=\"true\"><\/i> 0<\/span><\/div>\t\t\t\t\t\t\t\t\t<\/div>\n\t\t\t\n\t\t\t\t\t<div class=\"bdt-post-grid-category bdt-position-small bdt-position-top-right\">\n\t\t\t<a href=\"https:\/\/coopevian.com\/notivian\/category\/noticias\/\">Noticias<\/a> <a href=\"https:\/\/coopevian.com\/notivian\/category\/noticias-destacadas\/\">Noticias Destacadas<\/a> <a href=\"https:\/\/coopevian.com\/notivian\/category\/sostenibilidad\/\">Sostenibilidad<\/a>\t\t<\/div>\n\t\t\t\t<\/div>\n\t\t\t\t\t\t\t<\/div>\n\t\t\t\t\t  \t\t\t\n\t\t  \t\t\t<div class=\" bdt-width-1-2@m bdt-width-1-2@s bdt-width-1-1 bdt-secondary\">\n\t\t\t\t\t\t\t\t<div class=\"bdt-post-grid-item bdt-transition-toggle bdt-position-relative bdt-box-shadow-small\">\t\t\t\t\t\t\t\t\n\t\t\t<div class=\"bdt-post-grid-img-wrap bdt-overflow-hidden\">\n\t\t\t\t<a href=\"https:\/\/coopevian.com\/notivian\/noticias-destacadas\/la-cotidianidad-vs-la-seguridad\/\" class=\"bdt-transition-scale-up bdt-background-cover bdt-transition-opaque bdt-flex\" title=\"La cotidianidad VS la seguridad\" style=\"background-image: url(https:\/\/coopevian.com\/notivian\/wp-content\/uploads\/2025\/12\/DSC09525-scaled.jpg)\">\n  \t\t\t\t<\/a>\n\t\t\t<\/div>\n\t  \t\t\n\t  \t\t<div class=\"bdt-post-grid-desc bdt-padding\">\n\t\t\t\t<h2 class=\"bdt-post-grid-title\">\n\t\t\t\t<a href=\"https:\/\/coopevian.com\/notivian\/noticias-destacadas\/la-cotidianidad-vs-la-seguridad\/\" class=\"bdt-post-grid-link\" title=\"La cotidianidad VS la seguridad\">\n\t\t\t\t\tLa cotidianidad VS la seguridad\n\t\t\t\t<\/a>\n\t\t\t<\/h2>\n\t\t\t\t\t\t<div class=\"bdt-post-grid-excerpt\">\n\t\t\t<p>Es usual que todos pensemos en la seguridad como un t\u00e9rmino que hace alusi\u00f3n a<\/p>\n\t\t<\/div>\n\n\t\t\t\t\t\t\t\t<div>\n\t\t\t<a href=\"https:\/\/coopevian.com\/notivian\/noticias-destacadas\/la-cotidianidad-vs-la-seguridad\/\"\n\t\t\t\tclass=\"bdt-post-grid-readmore bdt-display-inline-block \">\n\t\t\t\tLEER M\u00c1S\t\n\t\t\t\t\t\t\t\t\t<span class=\"bdt-button-icon-align-right\">\n\t\n\t\t\t\t\t\t<svg aria-hidden=\"true\" class=\"fa-fw e-font-icon-svg e-fas-chevron-right\" viewBox=\"0 0 320 512\" xmlns=\"http:\/\/www.w3.org\/2000\/svg\"><path d=\"M285.476 272.971L91.132 467.314c-9.373 9.373-24.569 9.373-33.941 0l-22.667-22.667c-9.357-9.357-9.375-24.522-.04-33.901L188.505 256 34.484 101.255c-9.335-9.379-9.317-24.544.04-33.901l22.667-22.667c9.373-9.373 24.569-9.373 33.941 0L285.475 239.03c9.373 9.372 9.373 24.568.001 33.941z\"><\/path><\/svg>\t\n\t\t\t\t\t<\/span>\n\t\t\t\t\t\t\t<\/a>\n\t\t<\/div>\n\t\t\t\t\t<\/div>\n\n\t\t\t\t\t\t\t<div class=\"bdt-post-grid-meta bdt-subnav bdt-flex-inline bdt-flex-middle\">\n\t\t\t\t\t\t\t\t\t\t<span class=\"bdt-post-grid-date\">diciembre 17, 2025<\/span>\t\t\t\t\t<div class=\"bdt-post-grid-comments bdt-inline-block\"><span><i class=\"ep-icon-bubble\" aria-hidden=\"true\"><\/i> 0<\/span><\/div>\t\t\t\t\t\t\t\t\t<\/div>\n\t\t\t\n\t\t\t\t\t<div class=\"bdt-post-grid-category bdt-position-small bdt-position-top-right\">\n\t\t\t<a href=\"https:\/\/coopevian.com\/notivian\/category\/editorial\/\">Editorial<\/a> <a href=\"https:\/\/coopevian.com\/notivian\/category\/noticias\/\">Noticias<\/a> <a href=\"https:\/\/coopevian.com\/notivian\/category\/noticias-destacadas\/\">Noticias Destacadas<\/a>\t\t<\/div>\n\t\t\t\t<\/div>\n\t\t\t\t\t\t\t<\/div>\n\t\t\t\t\t  \t\t\t\n\t\t  \t\t\t<div class=\" bdt-width-1-2@m bdt-width-1-2@s bdt-width-1-1 bdt-secondary\">\n\t\t\t\t\t\t\t\t<div class=\"bdt-post-grid-item bdt-transition-toggle bdt-position-relative bdt-box-shadow-small\">\t\t\t\t\t\t\t\t\n\t\t\t<div class=\"bdt-post-grid-img-wrap bdt-overflow-hidden\">\n\t\t\t\t<a href=\"https:\/\/coopevian.com\/notivian\/noticias-destacadas\/policia-nacional-exalta-el-trabajo-de-los-guardas-en-medellin\/\" class=\"bdt-transition-scale-up bdt-background-cover bdt-transition-opaque bdt-flex\" title=\"Polic\u00eda Nacional exalta el trabajo de los Guardas en Medell\u00edn\" style=\"background-image: url(https:\/\/coopevian.com\/notivian\/wp-content\/uploads\/2025\/12\/IMG_11641.jpg)\">\n  \t\t\t\t<\/a>\n\t\t\t<\/div>\n\t  \t\t\n\t  \t\t<div class=\"bdt-post-grid-desc bdt-padding\">\n\t\t\t\t<h2 class=\"bdt-post-grid-title\">\n\t\t\t\t<a href=\"https:\/\/coopevian.com\/notivian\/noticias-destacadas\/policia-nacional-exalta-el-trabajo-de-los-guardas-en-medellin\/\" class=\"bdt-post-grid-link\" title=\"Polic\u00eda Nacional exalta el trabajo de los Guardas en Medell\u00edn\">\n\t\t\t\t\tPolic\u00eda Nacional exalta el trabajo de los Guardas en Medell\u00edn\n\t\t\t\t<\/a>\n\t\t\t<\/h2>\n\t\t\t\t\t\t<div class=\"bdt-post-grid-excerpt\">\n\t\t\t<p>La Polic\u00eda Metropolitana del Valle de Aburr\u00e1, bajo el mando del coronel William Casta\u00f1o Ramos,<\/p>\n\t\t<\/div>\n\n\t\t\t\t\t\t\t\t<div>\n\t\t\t<a href=\"https:\/\/coopevian.com\/notivian\/noticias-destacadas\/policia-nacional-exalta-el-trabajo-de-los-guardas-en-medellin\/\"\n\t\t\t\tclass=\"bdt-post-grid-readmore bdt-display-inline-block \">\n\t\t\t\tLEER M\u00c1S\t\n\t\t\t\t\t\t\t\t\t<span class=\"bdt-button-icon-align-right\">\n\t\n\t\t\t\t\t\t<svg aria-hidden=\"true\" class=\"fa-fw e-font-icon-svg e-fas-chevron-right\" viewBox=\"0 0 320 512\" xmlns=\"http:\/\/www.w3.org\/2000\/svg\"><path d=\"M285.476 272.971L91.132 467.314c-9.373 9.373-24.569 9.373-33.941 0l-22.667-22.667c-9.357-9.357-9.375-24.522-.04-33.901L188.505 256 34.484 101.255c-9.335-9.379-9.317-24.544.04-33.901l22.667-22.667c9.373-9.373 24.569-9.373 33.941 0L285.475 239.03c9.373 9.372 9.373 24.568.001 33.941z\"><\/path><\/svg>\t\n\t\t\t\t\t<\/span>\n\t\t\t\t\t\t\t<\/a>\n\t\t<\/div>\n\t\t\t\t\t<\/div>\n\n\t\t\t\t\t\t\t<div class=\"bdt-post-grid-meta bdt-subnav bdt-flex-inline bdt-flex-middle\">\n\t\t\t\t\t\t\t\t\t\t<span class=\"bdt-post-grid-date\">diciembre 15, 2025<\/span>\t\t\t\t\t<div class=\"bdt-post-grid-comments bdt-inline-block\"><span><i class=\"ep-icon-bubble\" aria-hidden=\"true\"><\/i> 0<\/span><\/div>\t\t\t\t\t\t\t\t\t<\/div>\n\t\t\t\n\t\t\t\t\t<div class=\"bdt-post-grid-category bdt-position-small bdt-position-top-right\">\n\t\t\t<a href=\"https:\/\/coopevian.com\/notivian\/category\/eventos\/\">Eventos<\/a> <a href=\"https:\/\/coopevian.com\/notivian\/category\/noticias\/\">Noticias<\/a> <a href=\"https:\/\/coopevian.com\/notivian\/category\/noticias-destacadas\/\">Noticias Destacadas<\/a>\t\t<\/div>\n\t\t\t\t<\/div>\n\t\t\t\t\t\t\t<\/div>\n\t\t\t\t\t\t\t<\/div>\n\t\t<\/div>\t\n \t\t\t\t\t<div class=\"ep-pagination\">\n\t\t\t\t<ul class=\"bdt-pagination bdt-flex-center\">\n<li class=\"bdt-active\"><a href=\"https:\/\/coopevian.com\/notivian\/wp-json\/wp\/v2\/pages\/397\/\">1<\/a><\/li>\n<li><a href=\"https:\/\/coopevian.com\/notivian\/wp-json\/wp\/v2\/pages\/397\/page\/2\/\">2<\/a><\/li>\n<li><a href=\"https:\/\/coopevian.com\/notivian\/wp-json\/wp\/v2\/pages\/397\/page\/3\/\">3<\/a><\/li>\n<li class=\"bdt-pagination-dot-dot\"><span>...<\/span><\/li>\n<li><a href=\"https:\/\/coopevian.com\/notivian\/wp-json\/wp\/v2\/pages\/397\/page\/11\/\">11<\/a><\/li>\n<\/ul>\n\t\t\t<\/div>\n\t\t\t\t\t\t\t<\/div>\n\t\t\t\t<\/div>\n\t\t\t\t<\/div>\n\t\t\t\t\t<\/div>\n\t\t\t\t<\/div>\n\t\t\t\t<\/div>\n\t\t\t\t<\/div>\n\t\t","protected":false},"excerpt":{"rendered":"<p>NOTICIAS \u201cL\u201d Asamblea General de delegados 2025 Cada a\u00f1o, la Asamblea General Ordinaria de Delegados se convierte en un espacio [&hellip;]<\/p>\n","protected":false},"author":2,"featured_media":0,"parent":0,"menu_order":0,"comment_status":"closed","ping_status":"closed","template":"","meta":{"site-sidebar-layout":"no-sidebar","site-content-layout":"","ast-site-content-layout":"full-width-container","site-content-style":"default","site-sidebar-style":"default","ast-global-header-display":"","ast-banner-title-visibility":"","ast-main-header-display":"","ast-hfb-above-header-display":"","ast-hfb-below-header-display":"","ast-hfb-mobile-header-display":"","site-post-title":"disabled","ast-breadcrumbs-content":"","ast-featured-img":"disabled","footer-sml-layout":"","theme-transparent-header-meta":"default","adv-header-id-meta":"","stick-header-meta":"","header-above-stick-meta":"","header-main-stick-meta":"","header-below-stick-meta":"","astra-migrate-meta-layouts":"set","ast-page-background-enabled":"default","ast-page-background-meta":{"desktop":{"background-color":"var(--ast-global-color-4)","background-image":"","background-repeat":"repeat","background-position":"center center","background-size":"auto","background-attachment":"scroll","background-type":"","background-media":"","overlay-type":"","overlay-color":"","overlay-opacity":"","overlay-gradient":""},"tablet":{"background-color":"","background-image":"","background-repeat":"repeat","background-position":"center center","background-size":"auto","background-attachment":"scroll","background-type":"","background-media":"","overlay-type":"","overlay-color":"","overlay-opacity":"","overlay-gradient":""},"mobile":{"background-color":"","background-image":"","background-repeat":"repeat","background-position":"center center","background-size":"auto","background-attachment":"scroll","background-type":"","background-media":"","overlay-type":"","overlay-color":"","overlay-opacity":"","overlay-gradient":""}},"ast-content-background-meta":{"desktop":{"background-color":"var(--ast-global-color-5)","background-image":"","background-repeat":"repeat","background-position":"center center","background-size":"auto","background-attachment":"scroll","background-type":"","background-media":"","overlay-type":"","overlay-color":"","overlay-opacity":"","overlay-gradient":""},"tablet":{"background-color":"var(--ast-global-color-5)","background-image":"","background-repeat":"repeat","background-position":"center center","background-size":"auto","background-attachment":"scroll","background-type":"","background-media":"","overlay-type":"","overlay-color":"","overlay-opacity":"","overlay-gradient":""},"mobile":{"background-color":"var(--ast-global-color-5)","background-image":"","background-repeat":"repeat","background-position":"center center","background-size":"auto","background-attachment":"scroll","background-type":"","background-media":"","overlay-type":"","overlay-color":"","overlay-opacity":"","overlay-gradient":""}},"footnotes":""},"class_list":["post-397","page","type-page","status-publish","hentry"],"_links":{"self":[{"href":"https:\/\/coopevian.com\/notivian\/wp-json\/wp\/v2\/pages\/397","targetHints":{"allow":["GET"]}}],"collection":[{"href":"https:\/\/coopevian.com\/notivian\/wp-json\/wp\/v2\/pages"}],"about":[{"href":"https:\/\/coopevian.com\/notivian\/wp-json\/wp\/v2\/types\/page"}],"author":[{"embeddable":true,"href":"https:\/\/coopevian.com\/notivian\/wp-json\/wp\/v2\/users\/2"}],"replies":[{"embeddable":true,"href":"https:\/\/coopevian.com\/notivian\/wp-json\/wp\/v2\/comments?post=397"}],"version-history":[{"count":10,"href":"https:\/\/coopevian.com\/notivian\/wp-json\/wp\/v2\/pages\/397\/revisions"}],"predecessor-version":[{"id":1393,"href":"https:\/\/coopevian.com\/notivian\/wp-json\/wp\/v2\/pages\/397\/revisions\/1393"}],"wp:attachment":[{"href":"https:\/\/coopevian.com\/notivian\/wp-json\/wp\/v2\/media?parent=397"}],"curies":[{"name":"wp","href":"https:\/\/api.w.org\/{rel}","templated":true}]}}